{"id":10862,"date":"2023-11-02T15:41:48","date_gmt":"2023-11-02T14:41:48","guid":{"rendered":"https:\/\/www.georgsorden.at\/de\/?page_id=10862"},"modified":"2023-11-02T17:47:19","modified_gmt":"2023-11-02T16:47:19","slug":"ordensresidenz","status":"publish","type":"page","link":"https:\/\/www.georgsorden.eu\/de\/ordensresidenz\/","title":{"rendered":"Ordensresidenz"},"content":{"rendered":"\n<p>Die Ordensresidenz des St. Georgs-Orden ist im Kloster der Salesianerinnen in 1030 Wien, Rennweg 10, beheimatet. Nachstehend ein paar Informationen zu dieser \u00d6rtlichkeit.<\/p>\n\n\n\n<h3 class=\"wp-block-heading\">Das Kloster<\/h3>\n\n\n\n<p>In zentraler Lage Wiens,\u00a0an einer der gr\u00f6\u00dften Verkehrsadern der Stadt,\u00a0dem Rennweg,\u00a0und doch abgeschirmt von L\u00e4rm und Stress,\u00a0inmitten einer Gr\u00fcnfl\u00e4che zwischen Belvedere und Botanischem Garten,\u00a0liegt das Kloster der Salesianerinnen.\u00a0Hier leben, beten\u00a0und arbeiten nicht\u00a0nur Ordensfrauen \u2013\u00a0hier gibt es auch\u00a0die M\u00f6glichkeit f\u00fcr\u00a0andere Frauen, mit den Schwestern mit zu leben.<\/p>\n\n\n\n<p>Das Kloster ist ein gro\u00df angelegtes barockes Geb\u00e4ude mit sch\u00f6nen Gew\u00f6lben, langen G\u00e4ngen und hohen Fenstern. Der Kreuzhof wird vom Kreuzgang umschlossen. Von diesem gelangt man in die wichtigsten R\u00e4ume des Klosters, wie z.B. den Schwestern-Chor, das Refektorium und auch das Gemeindezimmer.\u00a0Kaiserin Wilhelmine Amalia, die Witwe Josef I., hat es aus eigenen Mitteln f\u00fcr die Schwestern erbauen lassen. <\/p>\n\n\n\n<p>Das Kloster der Salesianerinnen in Wien geh\u00f6rt dem Orden der \u201eHeimsuchung Mariens\u201c an, der vom hl. Franz von Sales, Bischof von Genf, und der hl. Johanna Franziska von Chantal am 6. Juni 1610 in Annecy, im heutigen Frankreich, gegr\u00fcndet wurde.<\/p>\n\n\n\n<p>Die Kl\u00f6ster des Ordens sind alle autonom und unterstehen unmittelbar dem Hl. Stuhl. Zur gegenseitigen Unterst\u00fctzung sind sie in F\u00f6derationen zusammengefasst.\u00a0Die deutschsprachigen Kl\u00f6ster haben alle fr\u00fcher Schulen und Internate gef\u00fchrt.<\/p>\n\n\n\n<p>Seit 2019 ist das Salesianerinnenkloster Teil der Via Habsburg, eine seit 2014 zertifizierte \u201eKulturroute des Europarates\u201c, die einzelne, historische Schaupl\u00e4tze, die in engem Zusammenhang mit dem Hause Habsburg stehen, miteinander verbindet.<\/p>\n\n\n\n<div class=\"wp-block-columns is-layout-flex wp-container-core-columns-is-layout-9d6595d7 wp-block-columns-is-layout-flex\">\n<div class=\"wp-block-column is-layout-flow wp-block-column-is-layout-flow\">\n<figure class=\"wp-block-image size-full\"><a href=\"https:\/\/www.georgsorden.eu\/wp-content\/uploads\/2023\/11\/Kloster-01.jpg\" rel=\"lightbox-0\"><img loading=\"lazy\" decoding=\"async\" width=\"550\" height=\"350\" src=\"https:\/\/www.georgsorden.eu\/wp-content\/uploads\/2023\/11\/Kloster-01.jpg\" alt=\"\" class=\"wp-image-10864\" srcset=\"https:\/\/www.georgsorden.eu\/wp-content\/uploads\/2023\/11\/Kloster-01.jpg 550w, https:\/\/www.georgsorden.eu\/wp-content\/uploads\/2023\/11\/Kloster-01-300x191.jpg 300w\" sizes=\"auto, (max-width: 550px) 100vw, 550px\" \/><\/a><\/figure>\n<\/div>\n\n\n\n<div class=\"wp-block-column is-layout-flow wp-block-column-is-layout-flow\">\n<figure class=\"wp-block-image size-full\"><a href=\"https:\/\/www.georgsorden.eu\/wp-content\/uploads\/2023\/11\/Kloster-02.jpg\" rel=\"lightbox-1\"><img loading=\"lazy\" decoding=\"async\" width=\"550\" height=\"350\" src=\"https:\/\/www.georgsorden.eu\/wp-content\/uploads\/2023\/11\/Kloster-02.jpg\" alt=\"\" class=\"wp-image-10865\" srcset=\"https:\/\/www.georgsorden.eu\/wp-content\/uploads\/2023\/11\/Kloster-02.jpg 550w, https:\/\/www.georgsorden.eu\/wp-content\/uploads\/2023\/11\/Kloster-02-300x191.jpg 300w\" sizes=\"auto, (max-width: 550px) 100vw, 550px\" \/><\/a><\/figure>\n<\/div>\n<\/div>\n\n\n\n<div class=\"wp-block-columns is-layout-flex wp-container-core-columns-is-layout-9d6595d7 wp-block-columns-is-layout-flex\">\n<div class=\"wp-block-column is-layout-flow wp-block-column-is-layout-flow\">\n<figure class=\"wp-block-image size-full\"><a href=\"https:\/\/www.georgsorden.eu\/wp-content\/uploads\/2023\/11\/Kloster-03.jpg\" rel=\"lightbox-2\"><img loading=\"lazy\" decoding=\"async\" width=\"550\" height=\"350\" src=\"https:\/\/www.georgsorden.eu\/wp-content\/uploads\/2023\/11\/Kloster-03.jpg\" alt=\"\" class=\"wp-image-10866\" srcset=\"https:\/\/www.georgsorden.eu\/wp-content\/uploads\/2023\/11\/Kloster-03.jpg 550w, https:\/\/www.georgsorden.eu\/wp-content\/uploads\/2023\/11\/Kloster-03-300x191.jpg 300w\" sizes=\"auto, (max-width: 550px) 100vw, 550px\" \/><\/a><\/figure>\n<\/div>\n\n\n\n<div class=\"wp-block-column is-layout-flow wp-block-column-is-layout-flow\">\n<figure class=\"wp-block-image size-full\"><a href=\"https:\/\/www.georgsorden.eu\/wp-content\/uploads\/2023\/11\/Kloster-04.jpg\" rel=\"lightbox-3\"><img loading=\"lazy\" decoding=\"async\" width=\"550\" height=\"350\" src=\"https:\/\/www.georgsorden.eu\/wp-content\/uploads\/2023\/11\/Kloster-04.jpg\" alt=\"\" class=\"wp-image-10867\" srcset=\"https:\/\/www.georgsorden.eu\/wp-content\/uploads\/2023\/11\/Kloster-04.jpg 550w, https:\/\/www.georgsorden.eu\/wp-content\/uploads\/2023\/11\/Kloster-04-300x191.jpg 300w\" sizes=\"auto, (max-width: 550px) 100vw, 550px\" \/><\/a><\/figure>\n<\/div>\n<\/div>\n\n\n\n<div style=\"height:10px\" aria-hidden=\"true\" class=\"wp-block-spacer\"><\/div>\n\n\n\n<h3 class=\"wp-block-heading\">Die Klosterkirche<\/h3>\n\n\n\n<p>In der Mitte der Klosteranlage befindet sich die Kirche, ein l\u00e4ngsovaler Zentralbau mit einer hohen, weithin sichtbaren Kuppel. Neben dem Deckengem\u00e4lde \u201eMari\u00e4 Himmelfahrt\u201c von Giovanni Antonio Pellegrini befindet sich auch eine Reliquie des Seligen Kaiser Karl I. in der Klosterkirche. Die Orgel der Salesianerinnenkirche wurde 1890 von dem Orgelbauer Johann M. Kauffmann erbaut.<\/p>\n\n\n\n<div class=\"wp-block-columns is-layout-flex wp-container-core-columns-is-layout-9d6595d7 wp-block-columns-is-layout-flex\">\n<div class=\"wp-block-column is-layout-flow wp-block-column-is-layout-flow\" style=\"flex-basis:25%\">\n<figure class=\"wp-block-image size-large is-resized\"><a href=\"https:\/\/www.georgsorden.eu\/wp-content\/uploads\/2023\/11\/Klosterkirche-01.jpg\" rel=\"lightbox-4\"><img loading=\"lazy\" decoding=\"async\" width=\"781\" height=\"1024\" src=\"https:\/\/www.georgsorden.eu\/wp-content\/uploads\/2023\/11\/Klosterkirche-01-781x1024.jpg\" alt=\"\" class=\"wp-image-10878\" style=\"aspect-ratio:0.7626953125;width:214px;height:auto\" srcset=\"https:\/\/www.georgsorden.eu\/wp-content\/uploads\/2023\/11\/Klosterkirche-01-781x1024.jpg 781w, https:\/\/www.georgsorden.eu\/wp-content\/uploads\/2023\/11\/Klosterkirche-01-229x300.jpg 229w, https:\/\/www.georgsorden.eu\/wp-content\/uploads\/2023\/11\/Klosterkirche-01-768x1006.jpg 768w, https:\/\/www.georgsorden.eu\/wp-content\/uploads\/2023\/11\/Klosterkirche-01.jpg 1073w\" sizes=\"auto, (max-width: 781px) 100vw, 781px\" \/><\/a><\/figure>\n<\/div>\n\n\n\n<div class=\"wp-block-column is-layout-flow wp-block-column-is-layout-flow\" style=\"flex-basis:50%\"><div class=\"wp-block-image\">\n<figure class=\"aligncenter size-large is-resized\"><a href=\"https:\/\/www.georgsorden.eu\/wp-content\/uploads\/2023\/11\/Klosterkirche-02.jpg\" rel=\"lightbox-5\"><img loading=\"lazy\" decoding=\"async\" width=\"1024\" height=\"683\" src=\"https:\/\/www.georgsorden.eu\/wp-content\/uploads\/2023\/11\/Klosterkirche-02-1024x683.jpg\" alt=\"\" class=\"wp-image-10869\" style=\"aspect-ratio:1.499267935578331;width:420px;height:auto\" srcset=\"https:\/\/www.georgsorden.eu\/wp-content\/uploads\/2023\/11\/Klosterkirche-02-1024x683.jpg 1024w, https:\/\/www.georgsorden.eu\/wp-content\/uploads\/2023\/11\/Klosterkirche-02-300x200.jpg 300w, https:\/\/www.georgsorden.eu\/wp-content\/uploads\/2023\/11\/Klosterkirche-02-768x512.jpg 768w, https:\/\/www.georgsorden.eu\/wp-content\/uploads\/2023\/11\/Klosterkirche-02.jpg 1122w\" sizes=\"auto, (max-width: 1024px) 100vw, 1024px\" \/><\/a><\/figure>\n<\/div><\/div>\n\n\n\n<div class=\"wp-block-column is-layout-flow wp-block-column-is-layout-flow\" style=\"flex-basis:25%\">\n<figure class=\"wp-block-image size-large is-resized\"><a href=\"https:\/\/www.georgsorden.eu\/wp-content\/uploads\/2023\/11\/Klosterkirche-05.jpg\" rel=\"lightbox-6\"><img loading=\"lazy\" decoding=\"async\" width=\"781\" height=\"1024\" src=\"https:\/\/www.georgsorden.eu\/wp-content\/uploads\/2023\/11\/Klosterkirche-05-781x1024.jpg\" alt=\"\" class=\"wp-image-10879\" style=\"aspect-ratio:0.7626953125;width:214px;height:auto\" srcset=\"https:\/\/www.georgsorden.eu\/wp-content\/uploads\/2023\/11\/Klosterkirche-05-781x1024.jpg 781w, https:\/\/www.georgsorden.eu\/wp-content\/uploads\/2023\/11\/Klosterkirche-05-229x300.jpg 229w, https:\/\/www.georgsorden.eu\/wp-content\/uploads\/2023\/11\/Klosterkirche-05-768x1006.jpg 768w, https:\/\/www.georgsorden.eu\/wp-content\/uploads\/2023\/11\/Klosterkirche-05.jpg 1073w\" sizes=\"auto, (max-width: 781px) 100vw, 781px\" \/><\/a><\/figure>\n<\/div>\n<\/div>\n\n\n\n<div class=\"wp-block-columns is-layout-flex wp-container-core-columns-is-layout-9d6595d7 wp-block-columns-is-layout-flex\">\n<div class=\"wp-block-column is-layout-flow wp-block-column-is-layout-flow\">\n<figure class=\"wp-block-image size-large\"><a href=\"https:\/\/www.georgsorden.eu\/wp-content\/uploads\/2023\/11\/Klosterkirche-03.jpg\" rel=\"lightbox-7\"><img loading=\"lazy\" decoding=\"async\" width=\"1024\" height=\"683\" src=\"https:\/\/www.georgsorden.eu\/wp-content\/uploads\/2023\/11\/Klosterkirche-03-1024x683.jpg\" alt=\"\" class=\"wp-image-10870\" srcset=\"https:\/\/www.georgsorden.eu\/wp-content\/uploads\/2023\/11\/Klosterkirche-03-1024x683.jpg 1024w, https:\/\/www.georgsorden.eu\/wp-content\/uploads\/2023\/11\/Klosterkirche-03-300x200.jpg 300w, https:\/\/www.georgsorden.eu\/wp-content\/uploads\/2023\/11\/Klosterkirche-03-768x512.jpg 768w, https:\/\/www.georgsorden.eu\/wp-content\/uploads\/2023\/11\/Klosterkirche-03.jpg 1122w\" sizes=\"auto, (max-width: 1024px) 100vw, 1024px\" \/><\/a><\/figure>\n<\/div>\n\n\n\n<div class=\"wp-block-column is-layout-flow wp-block-column-is-layout-flow\">\n<figure class=\"wp-block-image size-large\"><a href=\"https:\/\/www.georgsorden.eu\/wp-content\/uploads\/2023\/11\/Klosterkirche-04.jpg\" rel=\"lightbox-8\"><img loading=\"lazy\" decoding=\"async\" width=\"1024\" height=\"683\" src=\"https:\/\/www.georgsorden.eu\/wp-content\/uploads\/2023\/11\/Klosterkirche-04-1024x683.jpg\" alt=\"\" class=\"wp-image-10871\" srcset=\"https:\/\/www.georgsorden.eu\/wp-content\/uploads\/2023\/11\/Klosterkirche-04-1024x683.jpg 1024w, https:\/\/www.georgsorden.eu\/wp-content\/uploads\/2023\/11\/Klosterkirche-04-300x200.jpg 300w, https:\/\/www.georgsorden.eu\/wp-content\/uploads\/2023\/11\/Klosterkirche-04-768x512.jpg 768w, https:\/\/www.georgsorden.eu\/wp-content\/uploads\/2023\/11\/Klosterkirche-04.jpg 1122w\" sizes=\"auto, (max-width: 1024px) 100vw, 1024px\" \/><\/a><\/figure>\n<\/div>\n<\/div>\n\n\n\n<div style=\"height:10px\" aria-hidden=\"true\" class=\"wp-block-spacer\"><\/div>\n\n\n\n<h3 class=\"wp-block-heading\">Die Geschichte<\/h3>\n\n\n\n<p>Kaiserin Wilhelmine Amalia war die Witwe Kaiser Josefs I., der schon mit 33 Jahren an Blattern starb. Sie war eine fromme Frau, die Zur\u00fcckgezogenheit liebte. Der fr\u00fche Tod des Kaisers und die kurz danach in Wien hereinbrechende Pest, die Tausende von Opfern forderte, mag in ihr den Gedanken geweckt haben, sich in ein Kloster zur\u00fcckzuziehen. Zun\u00e4chst aber musste sie sich nach dem Tod des Kaisers der Erziehung ihrer beiden T\u00f6chter bzw. der Frage ihrer Thronfolge widmen und war daher noch stark in politische Agenden des Herrscherhauses involviert.<\/p>\n\n\n\n<p>Als die Frage des Klostereintrittes f\u00fcr sie aktueller wurde, stellte sie fest, dass keines der in Wien vorhandenen Kl\u00f6ster f\u00fcr sie in Frage k\u00e4me und so reifte der Plan, selber ein Kloster zu stiften, wo sie auch ihren Lebensabend verbringen k\u00f6nnte. Zugleich sollte dieses Kloster auch noch anderen Zwecken dienen; dabei dachte sie an junge M\u00e4dchen aus dem verarmten Adel oder gehobenem B\u00fcrgertum, f\u00fcr die es damals in Wien keine angemessene Bildungsst\u00e4tte gab; f\u00fcr sie sollten Schule und Pensionat eingerichtet werden. Au\u00dferdem sollte mit diesem Kloster auch das religi\u00f6se Leben Wiens bereichert werden.<\/p>\n\n\n\n<p>Kaiserin Amalia wandte sich nun an den Erzbischof von Mecheln mit der Bitte um Heimsuchungsschwestern; mit diesen verband sie eine langj\u00e4hrige Bekanntschaft und sie hielt sie f\u00fcr geeignet, um ihre Klosterpl\u00e4ne durchzuf\u00fchren. Am 13. Mai 1717 war die Grundsteinlegung des Klosters. Genau zwei Jahre nach der Grundsteinlegung, am 13. Mai 1719, fand dann unter feierlicher Mitwirkung der Kaiserin, ihrer T\u00f6chter und des Hofes die Einweihung der Kirche und die Inbesitznahme des Hauses durch die ersten Ordensfrauen statt.<\/p>\n\n\n\n<p>Noch im gleichen Jahr legte die erste \u00d6sterreicherin ihre Profess in der neuen Kirche ab.\u00a0F\u00fcnf Jahre sp\u00e4ter hatte sich die Zahl der Schwestern bereits verdoppelt. Die Kaiserin hatte eine herzliche Beziehung zu den Schwestern und k\u00fcmmerte sich auch pers\u00f6nlich um das Wohl der \u201eZ\u00f6glinge\u201c.\u00a0Nachdem ihre T\u00f6chter standesgem\u00e4\u00df verheiratet waren, zog sich die Kaiserin in den f\u00fcr sie erbauten Trakt des Klosters\u00a0zur\u00fcck. Sie hat sich allerdings vorbehalten, das Kloster zwischendurch zu verlassen, nahm sie doch auch weiterhin Anteil am Leben ihrer T\u00f6chter und Enkelkinder. <\/p>\n\n\n\n<p>Am 10. April 1742 starb die Kaiserin in ihrem geliebten Kloster am Rennweg. In ihrem Testament hatte sie gew\u00fcnscht, auf dem Totenbett das Ordenskleid der Salesianerinnen tragen zu d\u00fcrfen. Sie wurde in der Gruft des Klosters inmitten der Schwestern begraben.<\/p>\n\n\n\n<div style=\"height:10px\" aria-hidden=\"true\" class=\"wp-block-spacer\"><\/div>\n\n\n\n<h3 class=\"wp-block-heading\">Die R\u00e4umlichkeiten des St. Georgs-Orden<\/h3>\n\n\n\n<p>Unsere R\u00e4umlichkeiten befinden sich direkt neben der Klosterkirche im 1. Stock. Dabei nimmt der Altarraum, der als Kapitelsaal f\u00fcr Sitzungen und Vortr\u00e4ge genutzt wird, eine zentrale Rolle ein. F\u00fcr anschlie\u00dfende Diskussionen und Gespr\u00e4che steht der angrenzende Clubraum zur Verf\u00fcgung, der mit seinen gem\u00fctlichen Sitzgelegenheiten zum Verweilen einl\u00e4dt. Dankenswerterweise k\u00f6nnen auch die R\u00e4umlichkeiten der benachbarten Universit\u00e4t f\u00fcr Musik und darstellende Kunst gelegentlich f\u00fcr Darbietungen genutzt werden, wie z.B. f\u00fcr das Benefizkonzert der Damen des St. Georgs-Orden. Vor allem in den Sommermonaten findet dar\u00fcber hinaus im ehemaligen Priestergarten des Klosters die eine oder andere Veranstaltung statt.<\/p>\n\n\n\n<div class=\"wp-block-columns is-layout-flex wp-container-core-columns-is-layout-9d6595d7 wp-block-columns-is-layout-flex\">\n<div class=\"wp-block-column is-layout-flow wp-block-column-is-layout-flow\" style=\"flex-basis:25%\">\n<figure class=\"wp-block-image size-large is-resized\"><a href=\"https:\/\/www.georgsorden.eu\/wp-content\/uploads\/2023\/11\/Ordensraeumlichkeiten-02.jpg\" rel=\"lightbox-9\"><img loading=\"lazy\" decoding=\"async\" width=\"768\" height=\"1024\" src=\"https:\/\/www.georgsorden.eu\/wp-content\/uploads\/2023\/11\/Ordensraeumlichkeiten-02-768x1024.jpg\" alt=\"\" class=\"wp-image-10874\" style=\"aspect-ratio:0.75;width:214px;height:auto\" srcset=\"https:\/\/www.georgsorden.eu\/wp-content\/uploads\/2023\/11\/Ordensraeumlichkeiten-02-768x1024.jpg 768w, https:\/\/www.georgsorden.eu\/wp-content\/uploads\/2023\/11\/Ordensraeumlichkeiten-02-225x300.jpg 225w, https:\/\/www.georgsorden.eu\/wp-content\/uploads\/2023\/11\/Ordensraeumlichkeiten-02.jpg 1000w\" sizes=\"auto, (max-width: 768px) 100vw, 768px\" \/><\/a><\/figure>\n<\/div>\n\n\n\n<div class=\"wp-block-column is-layout-flow wp-block-column-is-layout-flow\" style=\"flex-basis:50%\"><div class=\"wp-block-image\">\n<figure class=\"aligncenter size-large is-resized\"><a href=\"https:\/\/www.georgsorden.eu\/wp-content\/uploads\/2023\/11\/Ordensraeumlichkeiten-01.jpg\" rel=\"lightbox-10\"><img loading=\"lazy\" decoding=\"async\" width=\"1024\" height=\"768\" src=\"https:\/\/www.georgsorden.eu\/wp-content\/uploads\/2023\/11\/Ordensraeumlichkeiten-01-1024x768.jpg\" alt=\"\" class=\"wp-image-10873\" style=\"aspect-ratio:1.3333333333333333;width:380px;height:auto\" srcset=\"https:\/\/www.georgsorden.eu\/wp-content\/uploads\/2023\/11\/Ordensraeumlichkeiten-01-1024x768.jpg 1024w, https:\/\/www.georgsorden.eu\/wp-content\/uploads\/2023\/11\/Ordensraeumlichkeiten-01-300x225.jpg 300w, https:\/\/www.georgsorden.eu\/wp-content\/uploads\/2023\/11\/Ordensraeumlichkeiten-01-768x576.jpg 768w, https:\/\/www.georgsorden.eu\/wp-content\/uploads\/2023\/11\/Ordensraeumlichkeiten-01.jpg 1333w\" sizes=\"auto, (max-width: 1024px) 100vw, 1024px\" \/><\/a><\/figure>\n<\/div><\/div>\n\n\n\n<div class=\"wp-block-column is-layout-flow wp-block-column-is-layout-flow\" style=\"flex-basis:25%\">\n<figure class=\"wp-block-image size-large is-resized\"><a href=\"https:\/\/www.georgsorden.eu\/wp-content\/uploads\/2023\/11\/Ordensraeumlichkeiten-03.jpg\" rel=\"lightbox-11\"><img loading=\"lazy\" decoding=\"async\" width=\"768\" height=\"1024\" src=\"https:\/\/www.georgsorden.eu\/wp-content\/uploads\/2023\/11\/Ordensraeumlichkeiten-03-768x1024.jpg\" alt=\"\" class=\"wp-image-10875\" style=\"aspect-ratio:0.75;width:214px;height:auto\" srcset=\"https:\/\/www.georgsorden.eu\/wp-content\/uploads\/2023\/11\/Ordensraeumlichkeiten-03-768x1024.jpg 768w, https:\/\/www.georgsorden.eu\/wp-content\/uploads\/2023\/11\/Ordensraeumlichkeiten-03-225x300.jpg 225w, https:\/\/www.georgsorden.eu\/wp-content\/uploads\/2023\/11\/Ordensraeumlichkeiten-03.jpg 1000w\" sizes=\"auto, (max-width: 768px) 100vw, 768px\" \/><\/a><\/figure>\n<\/div>\n<\/div>\n\n\n\n<div class=\"wp-block-columns is-layout-flex wp-container-core-columns-is-layout-9d6595d7 wp-block-columns-is-layout-flex\">\n<div class=\"wp-block-column is-layout-flow wp-block-column-is-layout-flow\">\n<figure class=\"wp-block-image size-large\"><a href=\"https:\/\/www.georgsorden.eu\/wp-content\/uploads\/2023\/11\/Klostertor-01.jpg\" rel=\"lightbox-12\"><img loading=\"lazy\" decoding=\"async\" width=\"1024\" height=\"683\" src=\"https:\/\/www.georgsorden.eu\/wp-content\/uploads\/2023\/11\/Klostertor-01-1024x683.jpg\" alt=\"\" class=\"wp-image-10883\" srcset=\"https:\/\/www.georgsorden.eu\/wp-content\/uploads\/2023\/11\/Klostertor-01-1024x683.jpg 1024w, https:\/\/www.georgsorden.eu\/wp-content\/uploads\/2023\/11\/Klostertor-01-300x200.jpg 300w, https:\/\/www.georgsorden.eu\/wp-content\/uploads\/2023\/11\/Klostertor-01-768x512.jpg 768w, https:\/\/www.georgsorden.eu\/wp-content\/uploads\/2023\/11\/Klostertor-01.jpg 1122w\" sizes=\"auto, (max-width: 1024px) 100vw, 1024px\" \/><\/a><\/figure>\n<\/div>\n\n\n\n<div class=\"wp-block-column is-layout-flow wp-block-column-is-layout-flow\">\n<figure class=\"wp-block-image size-large\"><a href=\"https:\/\/www.georgsorden.eu\/wp-content\/uploads\/2023\/11\/Priestergarten-01.jpg\" rel=\"lightbox-13\"><img loading=\"lazy\" decoding=\"async\" width=\"1024\" height=\"683\" src=\"https:\/\/www.georgsorden.eu\/wp-content\/uploads\/2023\/11\/Priestergarten-01-1024x683.jpg\" alt=\"\" class=\"wp-image-10886\" srcset=\"https:\/\/www.georgsorden.eu\/wp-content\/uploads\/2023\/11\/Priestergarten-01-1024x683.jpg 1024w, https:\/\/www.georgsorden.eu\/wp-content\/uploads\/2023\/11\/Priestergarten-01-300x200.jpg 300w, https:\/\/www.georgsorden.eu\/wp-content\/uploads\/2023\/11\/Priestergarten-01-768x512.jpg 768w, https:\/\/www.georgsorden.eu\/wp-content\/uploads\/2023\/11\/Priestergarten-01.jpg 1122w\" sizes=\"auto, (max-width: 1024px) 100vw, 1024px\" \/><\/a><\/figure>\n<\/div>\n<\/div>\n","protected":false},"excerpt":{"rendered":"<p>Die Ordensresidenz des St. Georgs-Orden ist im Kloster der Salesianerinnen in 1030 Wien, Rennweg 10, beheimatet. Nachstehend ein paar Informationen zu dieser \u00d6rtlichkeit. Das Kloster In zentraler Lage Wiens,\u00a0an einer der gr\u00f6\u00dften Verkehrsadern der Stadt,\u00a0dem Rennweg,\u00a0und doch abgeschirmt von L\u00e4rm und Stress,\u00a0inmitten einer Gr\u00fcnfl\u00e4che zwischen Belvedere und Botanischem Garten,\u00a0liegt das Kloster der Salesianerinnen.\u00a0Hier leben, beten\u00a0und &#8230; <a title=\"Ordensresidenz\" class=\"read-more\" href=\"https:\/\/www.georgsorden.eu\/de\/ordensresidenz\/\" aria-label=\"Mehr Informationen \u00fcber Ordensresidenz\">Weiterlesen<\/a><\/p>\n","protected":false},"author":1,"featured_media":0,"parent":0,"menu_order":0,"comment_status":"closed","ping_status":"closed","template":"","meta":{"footnotes":""},"class_list":["post-10862","page","type-page","status-publish"],"publishpress_future_action":{"enabled":false,"date":"2026-04-28 18:15:00","action":"change-status","newStatus":"draft","terms":[],"taxonomy":"language","extraData":[]},"publishpress_future_workflow_manual_trigger":{"enabledWorkflows":[]},"rttpg_featured_image_url":null,"rttpg_author":{"display_name":"iktopia","author_link":"https:\/\/www.georgsorden.eu\/de\/author\/iktopia\/"},"rttpg_comment":0,"rttpg_category":false,"rttpg_excerpt":"Die Ordensresidenz des St. Georgs-Orden ist im Kloster der Salesianerinnen in 1030 Wien, Rennweg 10, beheimatet. Nachstehend ein paar Informationen zu dieser \u00d6rtlichkeit. Das Kloster In zentraler Lage Wiens,\u00a0an einer der gr\u00f6\u00dften Verkehrsadern der Stadt,\u00a0dem Rennweg,\u00a0und doch abgeschirmt von L\u00e4rm und Stress,\u00a0inmitten einer Gr\u00fcnfl\u00e4che zwischen Belvedere und Botanischem Garten,\u00a0liegt das Kloster der Salesianerinnen.\u00a0Hier leben, beten\u00a0und&hellip;","_links":{"self":[{"href":"https:\/\/www.georgsorden.eu\/de\/wp-json\/wp\/v2\/pages\/10862","targetHints":{"allow":["GET"]}}],"collection":[{"href":"https:\/\/www.georgsorden.eu\/de\/wp-json\/wp\/v2\/pages"}],"about":[{"href":"https:\/\/www.georgsorden.eu\/de\/wp-json\/wp\/v2\/types\/page"}],"author":[{"embeddable":true,"href":"https:\/\/www.georgsorden.eu\/de\/wp-json\/wp\/v2\/users\/1"}],"replies":[{"embeddable":true,"href":"https:\/\/www.georgsorden.eu\/de\/wp-json\/wp\/v2\/comments?post=10862"}],"version-history":[{"count":10,"href":"https:\/\/www.georgsorden.eu\/de\/wp-json\/wp\/v2\/pages\/10862\/revisions"}],"predecessor-version":[{"id":10895,"href":"https:\/\/www.georgsorden.eu\/de\/wp-json\/wp\/v2\/pages\/10862\/revisions\/10895"}],"wp:attachment":[{"href":"https:\/\/www.georgsorden.eu\/de\/wp-json\/wp\/v2\/media?parent=10862"}],"curies":[{"name":"wp","href":"https:\/\/api.w.org\/{rel}","templated":true}]}}