{"id":1988,"date":"2021-05-05T09:30:49","date_gmt":"2021-05-05T07:30:49","guid":{"rendered":"https:\/\/www.georgs-orden.at\/de\/?page_id=1988"},"modified":"2026-04-27T10:28:28","modified_gmt":"2026-04-27T08:28:28","slug":"wirtschaftskreis","status":"publish","type":"page","link":"https:\/\/www.georgsorden.eu\/de\/wirtschaftskreis\/","title":{"rendered":"Wirtschaftskreis"},"content":{"rendered":"\n<p>Der Wirtschaftskreis organisiert wirtschaftsrelevante Diskussionsveranstaltungen gemeinsam mit Leistungstr\u00e4gern der Wirtschaft innerhalb und au\u00dferhalb der Ordensstruktur. Sein Ziel ist es, die Wirtschaft f\u00fcr den Orden zu interessieren, das Netzwerk des Ordens zu st\u00e4rken und eine Stimme in Wirtschaft und Wirtschaftspolitik zu generieren, um die Werte des Ordens zu positionieren sowie seine Expertise in Bezug auf wirtschaftsrelevante Themen zu erweitern. Dar\u00fcber hinaus sollen Ordensritter, die aus dem Wirtschaftsbereich kommen, Komturei \u00fcbergreifend verbunden werden und als Netzwerk agieren.<\/p>\n","protected":false},"excerpt":{"rendered":"<p>Der Wirtschaftskreis organisiert wirtschaftsrelevante Diskussionsveranstaltungen gemeinsam mit Leistungstr\u00e4gern der Wirtschaft innerhalb und au\u00dferhalb der Ordensstruktur. Sein Ziel ist es, die Wirtschaft f\u00fcr den Orden zu interessieren, das Netzwerk des Ordens zu st\u00e4rken und eine Stimme in Wirtschaft und Wirtschaftspolitik zu generieren, um die Werte des Ordens zu positionieren sowie seine Expertise in Bezug auf wirtschaftsrelevante &#8230; <a title=\"Wirtschaftskreis\" class=\"read-more\" href=\"https:\/\/www.georgsorden.eu\/de\/wirtschaftskreis\/\" aria-label=\"Mehr Informationen \u00fcber Wirtschaftskreis\">Weiterlesen<\/a><\/p>\n","protected":false},"author":1,"featured_media":0,"parent":0,"menu_order":0,"comment_status":"closed","ping_status":"closed","template":"","meta":{"footnotes":""},"class_list":["post-1988","page","type-page","status-publish"],"publishpress_future_action":{"enabled":false,"date":"2026-05-12 05:52:12","action":"change-status","newStatus":"draft","terms":[],"taxonomy":"language","extraData":[]},"publishpress_future_workflow_manual_trigger":{"enabledWorkflows":[]},"rttpg_featured_image_url":null,"rttpg_author":{"display_name":"iktopia","author_link":"https:\/\/www.georgsorden.eu\/de\/author\/iktopia\/"},"rttpg_comment":0,"rttpg_category":false,"rttpg_excerpt":"Der Wirtschaftskreis organisiert wirtschaftsrelevante Diskussionsveranstaltungen gemeinsam mit Leistungstr\u00e4gern der Wirtschaft innerhalb und au\u00dferhalb der Ordensstruktur. Sein Ziel ist es, die Wirtschaft f\u00fcr den Orden zu interessieren, das Netzwerk des Ordens zu st\u00e4rken und eine Stimme in Wirtschaft und Wirtschaftspolitik zu generieren, um die Werte des Ordens zu positionieren sowie seine Expertise in Bezug auf wirtschaftsrelevante&hellip;","_links":{"self":[{"href":"https:\/\/www.georgsorden.eu\/de\/wp-json\/wp\/v2\/pages\/1988","targetHints":{"allow":["GET"]}}],"collection":[{"href":"https:\/\/www.georgsorden.eu\/de\/wp-json\/wp\/v2\/pages"}],"about":[{"href":"https:\/\/www.georgsorden.eu\/de\/wp-json\/wp\/v2\/types\/page"}],"author":[{"embeddable":true,"href":"https:\/\/www.georgsorden.eu\/de\/wp-json\/wp\/v2\/users\/1"}],"replies":[{"embeddable":true,"href":"https:\/\/www.georgsorden.eu\/de\/wp-json\/wp\/v2\/comments?post=1988"}],"version-history":[{"count":4,"href":"https:\/\/www.georgsorden.eu\/de\/wp-json\/wp\/v2\/pages\/1988\/revisions"}],"predecessor-version":[{"id":18325,"href":"https:\/\/www.georgsorden.eu\/de\/wp-json\/wp\/v2\/pages\/1988\/revisions\/18325"}],"wp:attachment":[{"href":"https:\/\/www.georgsorden.eu\/de\/wp-json\/wp\/v2\/media?parent=1988"}],"curies":[{"name":"wp","href":"https:\/\/api.w.org\/{rel}","templated":true}]}}