{"id":1990,"date":"2021-05-05T09:33:32","date_gmt":"2021-05-05T07:33:32","guid":{"rendered":"https:\/\/www.georgs-orden.at\/de\/?page_id=1990"},"modified":"2023-04-05T15:12:21","modified_gmt":"2023-04-05T13:12:21","slug":"sicherheitsforum","status":"publish","type":"page","link":"https:\/\/www.georgsorden.eu\/de\/sicherheitsforum\/","title":{"rendered":"Sicherheitsforum"},"content":{"rendered":"\n<p>Das Sicherheitsforum behandelt sicherheitsrelevante Themen, mit dem Ziel, die Position des Ordens hiezu zu st\u00e4rken. Es dient als Plattform f\u00fcr Sicherheitsthemen.<\/p>\n\n\n\n<div style=\"height:10px\" aria-hidden=\"true\" class=\"wp-block-spacer\"><\/div>\n\n\n\n<figure class=\"wp-block-table is-style-regular\"><table class=\"has-fixed-layout\"><tbody><tr><td>Koordinator<\/td><td>Honorarkonsul Dr. Peter<strong> Harold<\/strong><\/td><\/tr><\/tbody><\/table><\/figure>\n\n\n        <div class=\"rttpg-block-postgrid rttpg-block-wrapper rttpg-block-5e4a38 tpg-filter-type-dropdown meta-visibility-show section-title-style-style1 img_hover_animation_img_no_effect title-default title_position_default title_hover_border_default meta_position_default tpg-is-author-icon-default author-image-visibility-icon tpg-category-position-default readmore-btn-only-text grid-hover-overlay-type-always grid-hover-overlay-height-default hover-overlay-height-default tpg-title-border-default filter-nex-prev-btn-visible tpg-cat-style1 slider-scroll-hide act-label-style-inline\">\n            <div class=\"rt-container-fluid rt-tpg-container tpg-el-main-wrapper tpg-gutenberg clearfix grid-layout4-main\"\n                 id=\"rt-tpg-container-1588198556\"\n                 data-layout=\"grid-layout4\"\n                 data-grid-style=\"tpg-even\" data-sc-id=\"elementor\"\n                 data-el-settings=''\n                 data-el-query=''\n                 data-el-path=''>\n\t\t\t\t                <div class='tpg-header-wrapper '>\n\t\t\t\t\t                <\/div>\n\n                <div class=\"rt-row rt-content-loader gutenberg-inner grid-layout4 grid-behaviour tpg-even grid_layout_wrapper\">\n\t\t\t\t\t\n<div class=\"rt-col-md-4 rt-col-sm-6 rt-col-xs-12 img_no_effect rt-grid-item\" data-id=\"13440\">\n\t<div class=\"rt-holder tpg-post-holder \">\n\t\t<div class=\"rt-detail rt-el-content-wrapper\">\n\t\t\t\t\t\t\t<div class=\"rt-img-holder tpg-el-image-wrap has-thumbnail\">\n\t\t\t\t\t<a data-id=\"13440\" href=\"https:\/\/www.georgsorden.eu\/de\/kulturwissenschaftlicher-dialog-01-10-2024\/\" class=\"tpg-post-link\" target=\"_self\">                        <img loading=\"lazy\" decoding=\"async\" src=\"https:\/\/www.georgsorden.eu\/wp-content\/uploads\/2024\/10\/Headerbild01a-768x513.jpg\"\n                             class=\"rt-img-responsive\"\n                             width=\"768\"\n                             height=\"513\"\n                             alt=\"Kulturwissenschaftlicher Dialog \u201eMut zur Verantwortung\u201c\">\n\t\t\t\t\t\t\n\t\t\t\t\t\t\t\n\t\t<\/a>\n\t\t        <div class=\"overlay grid-hover-content\"><\/div>\n\t\t\t\t\t\t<\/div>\n\t\t\t\n\n\t\t\t<div class=\"entry-title-wrapper\">        <div class=\"tpg-separate-category style1 top_left cat-above-title\">\n\t\t\t<span class='categories-links'>\n\t\t\t\n\t\t\t<a class=\"2024\" href=\"https:\/\/www.georgsorden.eu\/de\/category\/2024\/\">2024<\/a><span class=\"rt-separator\">,<\/span><a class=\"orden-allgemein\" href=\"https:\/\/www.georgsorden.eu\/de\/category\/orden-allgemein\/\">Orden allgemein<\/a><span class=\"rt-separator\">,<\/span><a class=\"sicherheitsforum\" href=\"https:\/\/www.georgsorden.eu\/de\/category\/sicherheitsforum\/\">Sicherheitsforum<\/a>\t\t\t<\/span>\n        <\/div>\n\t\t<h6 class=\"entry-title\"><a data-id=\"13440\" href=\"https:\/\/www.georgsorden.eu\/de\/kulturwissenschaftlicher-dialog-01-10-2024\/\" class=\"tpg-post-link\" target=\"_self\">Kulturwissenschaftlicher Dialog \u201eMut zur Verantwortung\u201c<\/a><\/h6><\/div>\n\t\t\t\t\t\t\t<div class=\"post-meta-tags rt-el-post-meta\">\n\t\t\t\t\t            <span class='categories-links'>\n\t\t\t\t<a class=\"2024\" href=\"https:\/\/www.georgsorden.eu\/de\/category\/2024\/\">2024<\/a><span class=\"rt-separator\">,<\/span><a class=\"orden-allgemein\" href=\"https:\/\/www.georgsorden.eu\/de\/category\/orden-allgemein\/\">Orden allgemein<\/a><span class=\"rt-separator\">,<\/span><a class=\"sicherheitsforum\" href=\"https:\/\/www.georgsorden.eu\/de\/category\/sicherheitsforum\/\">Sicherheitsforum<\/a>\t\t\t<\/span>\n\t\t\t\t\t\t\t<\/div>\n\t\t\t\n\t\t\t\t\t\t\t<div class=\"tpg-excerpt tpg-el-excerpt\">\n\t\t\t\t\t\t\t\t\t\t\t<div class=\"tpg-excerpt-inner\">\n\t\t\t\t\t\t\tAm Dienstag, 1. Oktober 2024, organisierte der St. Georgs-Orden gemeinsam mit und an der Landesverteidigungsakademie Wien einen kulturwissenschaftlichen Dialog.\t\t\t\t\t\t<\/div>\n\t\t\t\t\t\t\t\t\t\t\t\t\t\t<\/div>\n\t\t\t\n\t\t\t        <div class=\"post-footer\">\n            <div class=\"post-footer\">\n                <div class=\"read-more\">\n\t\t\t\t\t<a data-id=\"13440\" href=\"https:\/\/www.georgsorden.eu\/de\/kulturwissenschaftlicher-dialog-01-10-2024\/\" class=\"tpg-post-link\" target=\"_self\">Lesen Sie mehr&#8230;<\/a>                <\/div>\n            <\/div>\n        <\/div>\n\t\t\t\t<\/div>\n\t<\/div>\n<\/div>\n\n<div class=\"rt-col-md-4 rt-col-sm-6 rt-col-xs-12 img_no_effect rt-grid-item\" data-id=\"9528\">\n\t<div class=\"rt-holder tpg-post-holder \">\n\t\t<div class=\"rt-detail rt-el-content-wrapper\">\n\t\t\t\t\t\t\t<div class=\"rt-img-holder tpg-el-image-wrap has-thumbnail\">\n\t\t\t\t\t<a data-id=\"9528\" href=\"https:\/\/www.georgsorden.eu\/de\/vortrag-25-04-2023\/\" class=\"tpg-post-link\" target=\"_self\">                        <img loading=\"lazy\" decoding=\"async\" src=\"https:\/\/www.georgsorden.eu\/wp-content\/uploads\/2023\/04\/IMG_2135.jpg\"\n                             class=\"rt-img-responsive\"\n                             width=\"576\"\n                             height=\"768\"\n                             alt=\"Autarkie, Blackout und Vorsorge\">\n\t\t\t\t\t\t\n\t\t\t\t\t\t\t\n\t\t<\/a>\n\t\t        <div class=\"overlay grid-hover-content\"><\/div>\n\t\t\t\t\t\t<\/div>\n\t\t\t\n\n\t\t\t<div class=\"entry-title-wrapper\">        <div class=\"tpg-separate-category style1 top_left cat-above-title\">\n\t\t\t<span class='categories-links'>\n\t\t\t\n\t\t\t<a class=\"2023\" href=\"https:\/\/www.georgsorden.eu\/de\/category\/2023\/\">2023<\/a><span class=\"rt-separator\">,<\/span><a class=\"komturei-wien-hofburg\" href=\"https:\/\/www.georgsorden.eu\/de\/category\/komturei-wien-hofburg\/\">Komturei Wien &#8211; Hofburg<\/a><span class=\"rt-separator\">,<\/span><a class=\"sicherheitsforum\" href=\"https:\/\/www.georgsorden.eu\/de\/category\/sicherheitsforum\/\">Sicherheitsforum<\/a>\t\t\t<\/span>\n        <\/div>\n\t\t<h6 class=\"entry-title\"><a data-id=\"9528\" href=\"https:\/\/www.georgsorden.eu\/de\/vortrag-25-04-2023\/\" class=\"tpg-post-link\" target=\"_self\">Autarkie, Blackout und Vorsorge<\/a><\/h6><\/div>\n\t\t\t\t\t\t\t<div class=\"post-meta-tags rt-el-post-meta\">\n\t\t\t\t\t            <span class='categories-links'>\n\t\t\t\t<a class=\"2023\" href=\"https:\/\/www.georgsorden.eu\/de\/category\/2023\/\">2023<\/a><span class=\"rt-separator\">,<\/span><a class=\"komturei-wien-hofburg\" href=\"https:\/\/www.georgsorden.eu\/de\/category\/komturei-wien-hofburg\/\">Komturei Wien &#8211; Hofburg<\/a><span class=\"rt-separator\">,<\/span><a class=\"sicherheitsforum\" href=\"https:\/\/www.georgsorden.eu\/de\/category\/sicherheitsforum\/\">Sicherheitsforum<\/a>\t\t\t<\/span>\n\t\t\t\t\t\t\t<\/div>\n\t\t\t\n\t\t\t\t\t\t\t<div class=\"tpg-excerpt tpg-el-excerpt\">\n\t\t\t\t\t\t\t\t\t\t\t<div class=\"tpg-excerpt-inner\">\n\t\t\t\t\t\t\tUnter diesem Titel gab Vizekomtur Brigadier Mag. Wolfgang Spalj als Projektleiter f\u00fcr dieses Themengebiet im \u00d6sterreichischen Bundesheer am 25. April 2023 eine \u00dcbersicht \u00fcber den aktuellen Entwicklungsstand.\t\t\t\t\t\t<\/div>\n\t\t\t\t\t\t\t\t\t\t\t\t\t\t<\/div>\n\t\t\t\n\t\t\t        <div class=\"post-footer\">\n            <div class=\"post-footer\">\n                <div class=\"read-more\">\n\t\t\t\t\t<a data-id=\"9528\" href=\"https:\/\/www.georgsorden.eu\/de\/vortrag-25-04-2023\/\" class=\"tpg-post-link\" target=\"_self\">Lesen Sie mehr&#8230;<\/a>                <\/div>\n            <\/div>\n        <\/div>\n\t\t\t\t<\/div>\n\t<\/div>\n<\/div>\n\n<div class=\"rt-col-md-4 rt-col-sm-6 rt-col-xs-12 img_no_effect rt-grid-item\" data-id=\"4249\">\n\t<div class=\"rt-holder tpg-post-holder \">\n\t\t<div class=\"rt-detail rt-el-content-wrapper\">\n\t\t\t\t\t\t\t<div class=\"rt-img-holder tpg-el-image-wrap has-thumbnail\">\n\t\t\t\t\t<a data-id=\"4249\" href=\"https:\/\/www.georgsorden.eu\/de\/vortrag-08-03-2022\/\" class=\"tpg-post-link\" target=\"_self\">                        <img loading=\"lazy\" decoding=\"async\" src=\"https:\/\/www.georgsorden.eu\/wp-content\/uploads\/2022\/03\/Vortrag-Brieger_08-03-2022-768x576.jpg\"\n                             class=\"rt-img-responsive\"\n                             width=\"768\"\n                             height=\"576\"\n                             alt=\"Vortrag 8.3.2022\">\n\t\t\t\t\t\t\n\t\t\t\t\t\t\t\n\t\t<\/a>\n\t\t        <div class=\"overlay grid-hover-content\"><\/div>\n\t\t\t\t\t\t<\/div>\n\t\t\t\n\n\t\t\t<div class=\"entry-title-wrapper\">        <div class=\"tpg-separate-category style1 top_left cat-above-title\">\n\t\t\t<span class='categories-links'>\n\t\t\t\n\t\t\t<a class=\"2022\" href=\"https:\/\/www.georgsorden.eu\/de\/category\/2022\/\">2022<\/a><span class=\"rt-separator\">,<\/span><a class=\"sicherheitsforum\" href=\"https:\/\/www.georgsorden.eu\/de\/category\/sicherheitsforum\/\">Sicherheitsforum<\/a>\t\t\t<\/span>\n        <\/div>\n\t\t<h6 class=\"entry-title\"><a data-id=\"4249\" href=\"https:\/\/www.georgsorden.eu\/de\/vortrag-08-03-2022\/\" class=\"tpg-post-link\" target=\"_self\">Krisen, Katastrophen, Konfrontationen &#8211; neue Herausforderungen erfordern neue Wege<\/a><\/h6><\/div>\n\t\t\t\t\t\t\t<div class=\"post-meta-tags rt-el-post-meta\">\n\t\t\t\t\t            <span class='categories-links'>\n\t\t\t\t<a class=\"2022\" href=\"https:\/\/www.georgsorden.eu\/de\/category\/2022\/\">2022<\/a><span class=\"rt-separator\">,<\/span><a class=\"sicherheitsforum\" href=\"https:\/\/www.georgsorden.eu\/de\/category\/sicherheitsforum\/\">Sicherheitsforum<\/a>\t\t\t<\/span>\n\t\t\t\t\t\t\t<\/div>\n\t\t\t\n\t\t\t\t\t\t\t<div class=\"tpg-excerpt tpg-el-excerpt\">\n\t\t\t\t\t\t\t\t\t\t\t<div class=\"tpg-excerpt-inner\">\n\t\t\t\t\t\t\tGeneral Mag. Robert Brieger bot am 8. M\u00e4rz 2022 einen interessanten Vortrag in der Ordensresidenz, der mitunter auch beleuchtete, wie sich das Bundesheer auf die Zukunft einstellt.\t\t\t\t\t\t<\/div>\n\t\t\t\t\t\t\t\t\t\t\t\t\t\t<\/div>\n\t\t\t\n\t\t\t        <div class=\"post-footer\">\n            <div class=\"post-footer\">\n                <div class=\"read-more\">\n\t\t\t\t\t<a data-id=\"4249\" href=\"https:\/\/www.georgsorden.eu\/de\/vortrag-08-03-2022\/\" class=\"tpg-post-link\" target=\"_self\">Lesen Sie mehr&#8230;<\/a>                <\/div>\n            <\/div>\n        <\/div>\n\t\t\t\t<\/div>\n\t<\/div>\n<\/div>\n\n<div class=\"rt-col-md-4 rt-col-sm-6 rt-col-xs-12 img_no_effect rt-grid-item\" data-id=\"3243\">\n\t<div class=\"rt-holder tpg-post-holder \">\n\t\t<div class=\"rt-detail rt-el-content-wrapper\">\n\t\t\t\t\t\t\t<div class=\"rt-img-holder tpg-el-image-wrap has-thumbnail\">\n\t\t\t\t\t<a data-id=\"3243\" href=\"https:\/\/www.georgsorden.eu\/de\/podiumsdiskussion-05-10-2021\/\" class=\"tpg-post-link\" target=\"_self\">                        <img loading=\"lazy\" decoding=\"async\" src=\"https:\/\/www.georgsorden.eu\/wp-content\/uploads\/2021\/10\/IMG-20211005-WA0008-768x576.jpg\"\n                             class=\"rt-img-responsive\"\n                             width=\"768\"\n                             height=\"576\"\n                             alt=\"Ein Offizier und Gentleman\">\n\t\t\t\t\t\t\n\t\t\t\t\t\t\t\n\t\t<\/a>\n\t\t        <div class=\"overlay grid-hover-content\"><\/div>\n\t\t\t\t\t\t<\/div>\n\t\t\t\n\n\t\t\t<div class=\"entry-title-wrapper\">        <div class=\"tpg-separate-category style1 top_left cat-above-title\">\n\t\t\t<span class='categories-links'>\n\t\t\t\n\t\t\t<a class=\"archiv-2021\" href=\"https:\/\/www.georgsorden.eu\/de\/category\/archiv-2021\/\">2021<\/a><span class=\"rt-separator\">,<\/span><a class=\"sicherheitsforum\" href=\"https:\/\/www.georgsorden.eu\/de\/category\/sicherheitsforum\/\">Sicherheitsforum<\/a>\t\t\t<\/span>\n        <\/div>\n\t\t<h6 class=\"entry-title\"><a data-id=\"3243\" href=\"https:\/\/www.georgsorden.eu\/de\/podiumsdiskussion-05-10-2021\/\" class=\"tpg-post-link\" target=\"_self\">Ein Offizier und Gentleman<\/a><\/h6><\/div>\n\t\t\t\t\t\t\t<div class=\"post-meta-tags rt-el-post-meta\">\n\t\t\t\t\t            <span class='categories-links'>\n\t\t\t\t<a class=\"archiv-2021\" href=\"https:\/\/www.georgsorden.eu\/de\/category\/archiv-2021\/\">2021<\/a><span class=\"rt-separator\">,<\/span><a class=\"sicherheitsforum\" href=\"https:\/\/www.georgsorden.eu\/de\/category\/sicherheitsforum\/\">Sicherheitsforum<\/a>\t\t\t<\/span>\n\t\t\t\t\t\t\t<\/div>\n\t\t\t\n\t\t\t\t\t\t\t<div class=\"tpg-excerpt tpg-el-excerpt\">\n\t\t\t\t\t\t\t\t\t\t\t<div class=\"tpg-excerpt-inner\">\n\t\t\t\t\t\t\tGen. a. D. Karl Majcen gab am 5. Oktober 2021 Einblicke in die Entwicklung der \u00d6sterreichischen Landesverteidigung und Ausblicke auf zuk\u00fcnftige Herausforderungen.\t\t\t\t\t\t<\/div>\n\t\t\t\t\t\t\t\t\t\t\t\t\t\t<\/div>\n\t\t\t\n\t\t\t        <div class=\"post-footer\">\n            <div class=\"post-footer\">\n                <div class=\"read-more\">\n\t\t\t\t\t<a data-id=\"3243\" href=\"https:\/\/www.georgsorden.eu\/de\/podiumsdiskussion-05-10-2021\/\" class=\"tpg-post-link\" target=\"_self\">Lesen Sie mehr&#8230;<\/a>                <\/div>\n            <\/div>\n        <\/div>\n\t\t\t\t<\/div>\n\t<\/div>\n<\/div>\n\n<div class=\"rt-col-md-4 rt-col-sm-6 rt-col-xs-12 img_no_effect rt-grid-item\" data-id=\"2514\">\n\t<div class=\"rt-holder tpg-post-holder \">\n\t\t<div class=\"rt-detail rt-el-content-wrapper\">\n\t\t\t\t\t\t\t<div class=\"rt-img-holder tpg-el-image-wrap has-thumbnail\">\n\t\t\t\t\t<a data-id=\"2514\" href=\"https:\/\/www.georgsorden.eu\/de\/partner-bundesheer\/\" class=\"tpg-post-link\" target=\"_self\">                        <img loading=\"lazy\" decoding=\"async\" src=\"https:\/\/www.georgsorden.eu\/wp-content\/uploads\/2021\/07\/oebh-zusammen-staerker_web.jpg\"\n                             class=\"rt-img-responsive\"\n                             width=\"150\"\n                             height=\"152\"\n                             alt=\"\u00d6BH\">\n\t\t\t\t\t\t\n\t\t\t\t\t\t\t\n\t\t<\/a>\n\t\t        <div class=\"overlay grid-hover-content\"><\/div>\n\t\t\t\t\t\t<\/div>\n\t\t\t\n\n\t\t\t<div class=\"entry-title-wrapper\">        <div class=\"tpg-separate-category style1 top_left cat-above-title\">\n\t\t\t<span class='categories-links'>\n\t\t\t\n\t\t\t<a class=\"sicherheitsforum\" href=\"https:\/\/www.georgsorden.eu\/de\/category\/sicherheitsforum\/\">Sicherheitsforum<\/a>\t\t\t<\/span>\n        <\/div>\n\t\t<h6 class=\"entry-title\"><a data-id=\"2514\" href=\"https:\/\/www.georgsorden.eu\/de\/partner-bundesheer\/\" class=\"tpg-post-link\" target=\"_self\">Partner des Bundesheeres<\/a><\/h6><\/div>\n\t\t\t\t\t\t\t<div class=\"post-meta-tags rt-el-post-meta\">\n\t\t\t\t\t            <span class='categories-links'>\n\t\t\t\t<a class=\"sicherheitsforum\" href=\"https:\/\/www.georgsorden.eu\/de\/category\/sicherheitsforum\/\">Sicherheitsforum<\/a>\t\t\t<\/span>\n\t\t\t\t\t\t\t<\/div>\n\t\t\t\n\t\t\t\t\t\t\t<div class=\"tpg-excerpt tpg-el-excerpt\">\n\t\t\t\t\t\t\t\t\t\t\t<div class=\"tpg-excerpt-inner\">\n\t\t\t\t\t\t\tDer Tr\u00e4gerverein des St. Georgs-Orden ist seitens des Bundesministeriums f\u00fcr Landesverteidigung in \u00d6sterreich (BMLV) als \u201ewehrpolitisch relevanter Verein\u201c \u2013 nunmehr mit dem Begriff \u201ePartner des Bundesheeres\u201c bezeichnet \u2013 anerkannt. Dar\u00fcber hinaus d\u00fcrfen die Distinktionen des St. Georgs-Orden laut Trageordnung des BMLV zur Ausgangsuniform des \u00d6BH getragen werden.\t\t\t\t\t\t<\/div>\n\t\t\t\t\t\t\t\t\t\t\t\t\t\t<\/div>\n\t\t\t\n\t\t\t        <div class=\"post-footer\">\n            <div class=\"post-footer\">\n                <div class=\"read-more\">\n\t\t\t\t\t<a data-id=\"2514\" href=\"https:\/\/www.georgsorden.eu\/de\/partner-bundesheer\/\" class=\"tpg-post-link\" target=\"_self\">Lesen Sie mehr&#8230;<\/a>                <\/div>\n            <\/div>\n        <\/div>\n\t\t\t\t<\/div>\n\t<\/div>\n<\/div>\n                <\/div>\n\n\t\t\t\t\n            <\/div>\n        <\/div>\n\t\t","protected":false},"excerpt":{"rendered":"<p>Das Sicherheitsforum behandelt sicherheitsrelevante Themen, mit dem Ziel, die Position des Ordens hiezu zu st\u00e4rken. Es dient als Plattform f\u00fcr Sicherheitsthemen. Koordinator Honorarkonsul Dr. Peter Harold<\/p>\n","protected":false},"author":1,"featured_media":0,"parent":0,"menu_order":0,"comment_status":"closed","ping_status":"closed","template":"","meta":{"footnotes":""},"class_list":["post-1990","page","type-page","status-publish"],"publishpress_future_action":{"enabled":false,"date":"2026-04-28 18:14:13","action":"change-status","newStatus":"draft","terms":[],"taxonomy":"language","extraData":[]},"publishpress_future_workflow_manual_trigger":{"enabledWorkflows":[]},"rttpg_featured_image_url":null,"rttpg_author":{"display_name":"iktopia","author_link":"https:\/\/www.georgsorden.eu\/de\/author\/iktopia\/"},"rttpg_comment":0,"rttpg_category":false,"rttpg_excerpt":"Das Sicherheitsforum behandelt sicherheitsrelevante Themen, mit dem Ziel, die Position des Ordens hiezu zu st\u00e4rken. Es dient als Plattform f\u00fcr Sicherheitsthemen. Koordinator Honorarkonsul Dr. Peter Harold","_links":{"self":[{"href":"https:\/\/www.georgsorden.eu\/de\/wp-json\/wp\/v2\/pages\/1990","targetHints":{"allow":["GET"]}}],"collection":[{"href":"https:\/\/www.georgsorden.eu\/de\/wp-json\/wp\/v2\/pages"}],"about":[{"href":"https:\/\/www.georgsorden.eu\/de\/wp-json\/wp\/v2\/types\/page"}],"author":[{"embeddable":true,"href":"https:\/\/www.georgsorden.eu\/de\/wp-json\/wp\/v2\/users\/1"}],"replies":[{"embeddable":true,"href":"https:\/\/www.georgsorden.eu\/de\/wp-json\/wp\/v2\/comments?post=1990"}],"version-history":[{"count":7,"href":"https:\/\/www.georgsorden.eu\/de\/wp-json\/wp\/v2\/pages\/1990\/revisions"}],"predecessor-version":[{"id":8629,"href":"https:\/\/www.georgsorden.eu\/de\/wp-json\/wp\/v2\/pages\/1990\/revisions\/8629"}],"wp:attachment":[{"href":"https:\/\/www.georgsorden.eu\/de\/wp-json\/wp\/v2\/media?parent=1990"}],"curies":[{"name":"wp","href":"https:\/\/api.w.org\/{rel}","templated":true}]}}