{"id":1992,"date":"2021-05-05T09:39:08","date_gmt":"2021-05-05T07:39:08","guid":{"rendered":"https:\/\/www.georgs-orden.at\/de\/?page_id=1992"},"modified":"2023-04-05T15:14:27","modified_gmt":"2023-04-05T13:14:27","slug":"kunstinitiative","status":"publish","type":"page","link":"https:\/\/www.georgsorden.eu\/de\/kunstinitiative\/","title":{"rendered":"Kunstinitiative"},"content":{"rendered":"\n<p>Der St. Georgs\u2010Orden ist bestrebt, eine Sammlung von Gegenwartskunst aufzubauen. Der Schwerpunkt der Kunstsammlung liegt auf internationaler, zeitgen\u00f6ssischer Kunst, welche die Grunds\u00e4tze, Werte und Symbole des Ordens widerspiegelt. Im Rahmen von Wettbewerben werden K\u00fcnstler beauftragt, sich mit unterschiedlichen vom Orden vorgegebenen Themen auseinanderzusetzen. Die Kunstsammlung des St. Georgs-Orden wurde im Juni 2019 mit einer Gr\u00fcndungsveranstaltung in Wien ins Leben gerufen, ihr Thema war der \u201eHeilige Georg\u201c.<\/p>\n\n\n\n<div style=\"height:10px\" aria-hidden=\"true\" class=\"wp-block-spacer\"><\/div>\n\n\n\n<figure class=\"wp-block-table is-style-regular\"><table class=\"has-fixed-layout\"><tbody><tr><td>Koordinator<\/td><td>Manuel<strong> Gras<\/strong><\/td><\/tr><\/tbody><\/table><\/figure>\n\n\n        <div class=\"rttpg-block-postgrid rttpg-block-wrapper rttpg-block-556e99 tpg-filter-type-dropdown meta-visibility-show section-title-style-style1 img_hover_animation_img_no_effect title-default title_position_default title_hover_border_default meta_position_default tpg-is-author-icon-default author-image-visibility-icon tpg-category-position-default readmore-btn-only-text grid-hover-overlay-type-always grid-hover-overlay-height-default hover-overlay-height-default tpg-title-border-default filter-nex-prev-btn-visible tpg-cat-style1 slider-scroll-hide act-label-style-inline\">\n            <div class=\"rt-container-fluid rt-tpg-container tpg-el-main-wrapper tpg-gutenberg clearfix grid-layout4-main\"\n                 id=\"rt-tpg-container-2967534235\"\n                 data-layout=\"grid-layout4\"\n                 data-grid-style=\"tpg-even\" data-sc-id=\"elementor\"\n                 data-el-settings=''\n                 data-el-query=''\n                 data-el-path=''>\n\t\t\t\t                <div class='tpg-header-wrapper '>\n\t\t\t\t\t                <\/div>\n\n                <div class=\"rt-row rt-content-loader gutenberg-inner grid-layout4 grid-behaviour tpg-even grid_layout_wrapper\">\n\t\t\t\t\t\n<div class=\"rt-col-md-4 rt-col-sm-6 rt-col-xs-12 img_no_effect rt-grid-item\" data-id=\"2495\">\n\t<div class=\"rt-holder tpg-post-holder \">\n\t\t<div class=\"rt-detail rt-el-content-wrapper\">\n\t\t\t\t\t\t\t<div class=\"rt-img-holder tpg-el-image-wrap has-thumbnail\">\n\t\t\t\t\t<a data-id=\"2495\" href=\"https:\/\/www.georgsorden.eu\/de\/praesentation-kunstinitiative\/\" class=\"tpg-post-link\" target=\"_self\">                        <img loading=\"lazy\" decoding=\"async\" src=\"https:\/\/www.georgsorden.eu\/wp-content\/uploads\/2021\/07\/Praesentation-Sommerfest_2021-768x529.jpg\"\n                             class=\"rt-img-responsive\"\n                             width=\"768\"\n                             height=\"529\"\n                             alt=\"Pr\u00e4sentation Kunstinitiative\">\n\t\t\t\t\t\t\n\t\t\t\t\t\t\t\n\t\t<\/a>\n\t\t        <div class=\"overlay grid-hover-content\"><\/div>\n\t\t\t\t\t\t<\/div>\n\t\t\t\n\n\t\t\t<div class=\"entry-title-wrapper\">        <div class=\"tpg-separate-category style1 top_left cat-above-title\">\n\t\t\t<span class='categories-links'>\n\t\t\t\n\t\t\t<a class=\"kunstinitiative\" href=\"https:\/\/www.georgsorden.eu\/de\/category\/kunstinitiative\/\">Kunstinitiative<\/a>\t\t\t<\/span>\n        <\/div>\n\t\t<h6 class=\"entry-title\"><a data-id=\"2495\" href=\"https:\/\/www.georgsorden.eu\/de\/praesentation-kunstinitiative\/\" class=\"tpg-post-link\" target=\"_self\">Pr\u00e4sentation der Kunstinitiative<\/a><\/h6><\/div>\n\t\t\t\t\t\t\t<div class=\"post-meta-tags rt-el-post-meta\">\n\t\t\t\t\t            <span class='categories-links'>\n\t\t\t\t<a class=\"kunstinitiative\" href=\"https:\/\/www.georgsorden.eu\/de\/category\/kunstinitiative\/\">Kunstinitiative<\/a>\t\t\t<\/span>\n\t\t\t\t\t\t\t<\/div>\n\t\t\t\n\t\t\t\t\t\t\t<div class=\"tpg-excerpt tpg-el-excerpt\">\n\t\t\t\t\t\t\t\t\t\t\t<div class=\"tpg-excerpt-inner\">\n\t\t\t\t\t\t\tAm 29. Juli 2021 pr\u00e4sentierte Manuel Gras beim Sommerfest die aktuelle Entwicklung der Kunstinitiative des St. Georgs-Orden.\t\t\t\t\t\t<\/div>\n\t\t\t\t\t\t\t\t\t\t\t\t\t\t<\/div>\n\t\t\t\n\t\t\t        <div class=\"post-footer\">\n            <div class=\"post-footer\">\n                <div class=\"read-more\">\n\t\t\t\t\t<a data-id=\"2495\" href=\"https:\/\/www.georgsorden.eu\/de\/praesentation-kunstinitiative\/\" class=\"tpg-post-link\" target=\"_self\">Lesen Sie mehr&#8230;<\/a>                <\/div>\n            <\/div>\n        <\/div>\n\t\t\t\t<\/div>\n\t<\/div>\n<\/div>\n                <\/div>\n\n\t\t\t\t\n            <\/div>\n        <\/div>\n\t\t","protected":false},"excerpt":{"rendered":"<p>Der St. Georgs\u2010Orden ist bestrebt, eine Sammlung von Gegenwartskunst aufzubauen. Der Schwerpunkt der Kunstsammlung liegt auf internationaler, zeitgen\u00f6ssischer Kunst, welche die Grunds\u00e4tze, Werte und Symbole des Ordens widerspiegelt. Im Rahmen von Wettbewerben werden K\u00fcnstler beauftragt, sich mit unterschiedlichen vom Orden vorgegebenen Themen auseinanderzusetzen. Die Kunstsammlung des St. Georgs-Orden wurde im Juni 2019 mit einer Gr\u00fcndungsveranstaltung &#8230; <a title=\"Kunstinitiative\" class=\"read-more\" href=\"https:\/\/www.georgsorden.eu\/de\/kunstinitiative\/\" aria-label=\"Mehr Informationen \u00fcber Kunstinitiative\">Weiterlesen<\/a><\/p>\n","protected":false},"author":1,"featured_media":0,"parent":0,"menu_order":0,"comment_status":"closed","ping_status":"closed","template":"","meta":{"footnotes":""},"class_list":["post-1992","page","type-page","status-publish"],"publishpress_future_action":{"enabled":false,"date":"2026-04-28 19:47:57","action":"change-status","newStatus":"draft","terms":[],"taxonomy":"language","extraData":[]},"publishpress_future_workflow_manual_trigger":{"enabledWorkflows":[]},"rttpg_featured_image_url":null,"rttpg_author":{"display_name":"iktopia","author_link":"https:\/\/www.georgsorden.eu\/de\/author\/iktopia\/"},"rttpg_comment":0,"rttpg_category":false,"rttpg_excerpt":"Der St. Georgs\u2010Orden ist bestrebt, eine Sammlung von Gegenwartskunst aufzubauen. Der Schwerpunkt der Kunstsammlung liegt auf internationaler, zeitgen\u00f6ssischer Kunst, welche die Grunds\u00e4tze, Werte und Symbole des Ordens widerspiegelt. Im Rahmen von Wettbewerben werden K\u00fcnstler beauftragt, sich mit unterschiedlichen vom Orden vorgegebenen Themen auseinanderzusetzen. Die Kunstsammlung des St. Georgs-Orden wurde im Juni 2019 mit einer Gr\u00fcndungsveranstaltung&hellip;","_links":{"self":[{"href":"https:\/\/www.georgsorden.eu\/de\/wp-json\/wp\/v2\/pages\/1992","targetHints":{"allow":["GET"]}}],"collection":[{"href":"https:\/\/www.georgsorden.eu\/de\/wp-json\/wp\/v2\/pages"}],"about":[{"href":"https:\/\/www.georgsorden.eu\/de\/wp-json\/wp\/v2\/types\/page"}],"author":[{"embeddable":true,"href":"https:\/\/www.georgsorden.eu\/de\/wp-json\/wp\/v2\/users\/1"}],"replies":[{"embeddable":true,"href":"https:\/\/www.georgsorden.eu\/de\/wp-json\/wp\/v2\/comments?post=1992"}],"version-history":[{"count":6,"href":"https:\/\/www.georgsorden.eu\/de\/wp-json\/wp\/v2\/pages\/1992\/revisions"}],"predecessor-version":[{"id":8630,"href":"https:\/\/www.georgsorden.eu\/de\/wp-json\/wp\/v2\/pages\/1992\/revisions\/8630"}],"wp:attachment":[{"href":"https:\/\/www.georgsorden.eu\/de\/wp-json\/wp\/v2\/media?parent=1992"}],"curies":[{"name":"wp","href":"https:\/\/api.w.org\/{rel}","templated":true}]}}