{"id":209,"date":"2021-02-09T11:02:30","date_gmt":"2021-02-09T10:02:30","guid":{"rendered":"https:\/\/www.georgs-orden.at\/de\/?page_id=209"},"modified":"2025-11-08T07:21:06","modified_gmt":"2025-11-08T06:21:06","slug":"weblog-von-karl-von-habsburg","status":"publish","type":"page","link":"https:\/\/www.georgsorden.eu\/de\/weblog-von-karl-von-habsburg\/","title":{"rendered":"Weblog von Karl von Habsburg"},"content":{"rendered":"\n<h3 class=\"wp-block-heading\">Habsburger Familienschmuck kehrt zur\u00fcck<\/h3>\n\n\n\n<p>Weltweit ist es gerade ein mediales Thema, dass Objekte aus dem Besitz des Sel. Kaiser Karl wieder aufgetaucht sind, die als verloren galten. Die Erben des letzten \u00f6sterreichischen Kaisers konnten Familienschmuckst\u00fccke auf der Flucht vor den Nationalsozialisten im Zweiten Weltkrieg retten. Damit \u00fcberstanden kulturhistorisch bedeutsame Teile des Familienschmucks die Wirren und Umbr\u00fcche des vergangenen Jahrhunderts.<\/p>\n\n\n\n<p>Zu den erhalten gebliebenen Schmuckst\u00fccken geh\u00f6ren unter anderem der \u201eFlorentiner\u201c-Diamant sowie weitere pers\u00f6nliche Gegenst\u00e4nde von Kaiserin Maria-Theresia, K\u00f6nigin Marie-Antoinette und Kaiser Franz I.<\/p>\n\n\n\n<p>Details und Fotos finden Sie unter folgender Homepage: <a href=\"https:\/\/www.habsburg-heritage.com\/de\/\" target=\"_blank\" rel=\"noopener\">www.habsburg-heritage.com\/de\/<\/a>.<\/p>\n\n\n\n<p>07.11.2025<\/p>\n","protected":false},"excerpt":{"rendered":"<p>Habsburger Familienschmuck kehrt zur\u00fcck Weltweit ist es gerade ein mediales Thema, dass Objekte aus dem Besitz des Sel. Kaiser Karl wieder aufgetaucht sind, die als verloren galten. Die Erben des letzten \u00f6sterreichischen Kaisers konnten Familienschmuckst\u00fccke auf der Flucht vor den Nationalsozialisten im Zweiten Weltkrieg retten. Damit \u00fcberstanden kulturhistorisch bedeutsame Teile des Familienschmucks die Wirren und &#8230; <a title=\"Weblog von Karl von Habsburg\" class=\"read-more\" href=\"https:\/\/www.georgsorden.eu\/de\/weblog-von-karl-von-habsburg\/\" aria-label=\"Mehr Informationen \u00fcber Weblog von Karl von Habsburg\">Weiterlesen<\/a><\/p>\n","protected":false},"author":1,"featured_media":0,"parent":0,"menu_order":0,"comment_status":"closed","ping_status":"closed","template":"","meta":{"footnotes":""},"class_list":["post-209","page","type-page","status-publish"],"publishpress_future_action":{"enabled":false,"date":"2026-05-02 02:24:34","action":"change-status","newStatus":"draft","terms":[],"taxonomy":"language","extraData":[]},"publishpress_future_workflow_manual_trigger":{"enabledWorkflows":[]},"rttpg_featured_image_url":null,"rttpg_author":{"display_name":"iktopia","author_link":"https:\/\/www.georgsorden.eu\/de\/author\/iktopia\/"},"rttpg_comment":0,"rttpg_category":false,"rttpg_excerpt":"Habsburger Familienschmuck kehrt zur\u00fcck Weltweit ist es gerade ein mediales Thema, dass Objekte aus dem Besitz des Sel. Kaiser Karl wieder aufgetaucht sind, die als verloren galten. Die Erben des letzten \u00f6sterreichischen Kaisers konnten Familienschmuckst\u00fccke auf der Flucht vor den Nationalsozialisten im Zweiten Weltkrieg retten. Damit \u00fcberstanden kulturhistorisch bedeutsame Teile des Familienschmucks die Wirren und&hellip;","_links":{"self":[{"href":"https:\/\/www.georgsorden.eu\/de\/wp-json\/wp\/v2\/pages\/209","targetHints":{"allow":["GET"]}}],"collection":[{"href":"https:\/\/www.georgsorden.eu\/de\/wp-json\/wp\/v2\/pages"}],"about":[{"href":"https:\/\/www.georgsorden.eu\/de\/wp-json\/wp\/v2\/types\/page"}],"author":[{"embeddable":true,"href":"https:\/\/www.georgsorden.eu\/de\/wp-json\/wp\/v2\/users\/1"}],"replies":[{"embeddable":true,"href":"https:\/\/www.georgsorden.eu\/de\/wp-json\/wp\/v2\/comments?post=209"}],"version-history":[{"count":25,"href":"https:\/\/www.georgsorden.eu\/de\/wp-json\/wp\/v2\/pages\/209\/revisions"}],"predecessor-version":[{"id":17368,"href":"https:\/\/www.georgsorden.eu\/de\/wp-json\/wp\/v2\/pages\/209\/revisions\/17368"}],"wp:attachment":[{"href":"https:\/\/www.georgsorden.eu\/de\/wp-json\/wp\/v2\/media?parent=209"}],"curies":[{"name":"wp","href":"https:\/\/api.w.org\/{rel}","templated":true}]}}