{"id":29,"date":"2021-01-19T17:38:35","date_gmt":"2021-01-19T16:38:35","guid":{"rendered":"https:\/\/www.georgs-orden.at\/?page_id=29"},"modified":"2025-03-04T11:00:52","modified_gmt":"2025-03-04T10:00:52","slug":"st-georgs-orden","status":"publish","type":"page","link":"https:\/\/www.georgsorden.eu\/de\/","title":{"rendered":"Willkommen!"},"content":{"rendered":"\n<p>Wir freuen uns, Sie auf unserer Website begr\u00fc\u00dfen zu d\u00fcrfen, auf der Sie einen \u00dcberblick \u00fcber unsere Ziele und Aktivit\u00e4ten finden.<\/p>\n\n\n\n<div style=\"height:11px\" aria-hidden=\"true\" class=\"wp-block-spacer\"><\/div>\n\n\n\n<hr class=\"wp-block-separator has-css-opacity alignfull is-style-wide\"\/>\n\n\n\n<h2 class=\"wp-block-heading\" id=\"aktuelles\"><a href=\"\/aktuelles\/\" data-type=\"page\">Aktuelles<\/a><\/h2>\n\n\n        <div class=\"rttpg-block-postgrid rttpg-block-wrapper rttpg-block-317956 tpg-filter-type-dropdown meta-visibility-show section-title-style-style1 img_hover_animation_img_no_effect title-default title_position_default title_hover_border_default meta_position_default tpg-is-author-icon-default author-image-visibility-icon tpg-category-position-default readmore-btn-only-text grid-hover-overlay-type-always grid-hover-overlay-height-default hover-overlay-height-default tpg-title-border-default filter-nex-prev-btn-visible tpg-cat-style1 slider-scroll-hide act-label-style-inline\">\n            <div class=\"rt-container-fluid rt-tpg-container tpg-el-main-wrapper tpg-gutenberg clearfix grid-layout4-main\"\n                 id=\"rt-tpg-container-3056147876\"\n                 data-layout=\"grid-layout4\"\n                 data-grid-style=\"tpg-even\" data-sc-id=\"elementor\"\n                 data-el-settings=''\n                 data-el-query=''\n                 data-el-path=''>\n\t\t\t\t                <div class='tpg-header-wrapper '>\n\t\t\t\t\t                <\/div>\n\n                <div class=\"rt-row rt-content-loader gutenberg-inner grid-layout4 grid-behaviour tpg-even grid_layout_wrapper\">\n\t\t\t\t\t\n<div class=\"rt-col-md-6 rt-col-sm-6 rt-col-xs-12 img_no_effect rt-grid-item\" data-id=\"18281\">\n\t<div class=\"rt-holder tpg-post-holder \">\n\t\t<div class=\"rt-detail rt-el-content-wrapper\">\n\t\t\t\t\t\t\t<div class=\"rt-img-holder tpg-el-image-wrap has-thumbnail\">\n\t\t\t\t\t<a data-id=\"18281\" href=\"https:\/\/www.georgsorden.eu\/de\/vortrag-28-03-2026\/\" class=\"tpg-post-link\" target=\"_self\">                        <img loading=\"lazy\" decoding=\"async\" src=\"https:\/\/www.georgsorden.eu\/wp-content\/uploads\/2026\/04\/Bild-Schedelsche-Weltchronik-header.png\"\n                             class=\"rt-img-responsive\"\n                             width=\"723\"\n                             height=\"559\"\n                             alt=\"Forma urbis mediaevalis\">\n\t\t\t\t\t\t\n\t\t\t\t\t\t\t\n\t\t<\/a>\n\t\t        <div class=\"overlay grid-hover-content\"><\/div>\n\t\t\t\t\t\t<\/div>\n\t\t\t\n\n\t\t\t<div class=\"entry-title-wrapper\">        <div class=\"tpg-separate-category style1 top_left cat-above-title\">\n\t\t\t<span class='categories-links'>\n\t\t\t\n\t\t\t<a class=\"03-2026\" href=\"https:\/\/www.georgsorden.eu\/de\/category\/03-2026\/\">03-2026<\/a><span class=\"rt-separator\">,<\/span><a class=\"wiesbaden-nassau\" href=\"https:\/\/www.georgsorden.eu\/de\/category\/wiesbaden-nassau\/\">Komturei Wiesbaden\/Nassau<\/a>\t\t\t<\/span>\n        <\/div>\n\t\t<h6 class=\"entry-title\"><a data-id=\"18281\" href=\"https:\/\/www.georgsorden.eu\/de\/vortrag-28-03-2026\/\" class=\"tpg-post-link\" target=\"_self\">Forma urbis mediaevalis<\/a><\/h6><\/div>\n\t\t\t\t\t\t\t<div class=\"post-meta-tags rt-el-post-meta\">\n\t\t\t\t\t            <span class='categories-links'>\n\t\t\t\t<a class=\"03-2026\" href=\"https:\/\/www.georgsorden.eu\/de\/category\/03-2026\/\">03-2026<\/a><span class=\"rt-separator\">,<\/span><a class=\"wiesbaden-nassau\" href=\"https:\/\/www.georgsorden.eu\/de\/category\/wiesbaden-nassau\/\">Komturei Wiesbaden\/Nassau<\/a>\t\t\t<\/span>\n\t\t\t\t\t\t\t<\/div>\n\t\t\t\n\t\t\t\t\t\t\t<div class=\"tpg-excerpt tpg-el-excerpt\">\n\t\t\t\t\t\t\t\t\t\t\t<div class=\"tpg-excerpt-inner\">\n\t\t\t\t\t\t\tIn Vorbereitung auf den Ordenskonvent in Rom hielt Andr\u00e9 Gansel am 28. M\u00e4rz 2026 einen Vortrag, der sich mit der Transformation des antiken Roms zur Stadt der P\u00e4pste in der Sp\u00e4tantike und dem fr\u00fchen Mittelalter besch\u00e4ftigte.\t\t\t\t\t\t<\/div>\n\t\t\t\t\t\t\t\t\t\t\t\t\t\t<\/div>\n\t\t\t\n\t\t\t        <div class=\"post-footer\">\n            <div class=\"post-footer\">\n                <div class=\"read-more\">\n\t\t\t\t\t<a data-id=\"18281\" href=\"https:\/\/www.georgsorden.eu\/de\/vortrag-28-03-2026\/\" class=\"tpg-post-link\" target=\"_self\">Lesen Sie mehr&#8230;<\/a>                <\/div>\n            <\/div>\n        <\/div>\n\t\t\t\t<\/div>\n\t<\/div>\n<\/div>\n\n<div class=\"rt-col-md-6 rt-col-sm-6 rt-col-xs-12 img_no_effect rt-grid-item\" data-id=\"18207\">\n\t<div class=\"rt-holder tpg-post-holder \">\n\t\t<div class=\"rt-detail rt-el-content-wrapper\">\n\t\t\t\t\t\t\t<div class=\"rt-img-holder tpg-el-image-wrap has-thumbnail\">\n\t\t\t\t\t<a data-id=\"18207\" href=\"https:\/\/www.georgsorden.eu\/de\/vortrag-27-03-2026\/\" class=\"tpg-post-link\" target=\"_self\">                        <img loading=\"lazy\" decoding=\"async\" src=\"https:\/\/www.georgsorden.eu\/wp-content\/uploads\/2026\/03\/Vortrag-DNA-Analyse-27-03-2026-IMG_9554-768x576.jpg\"\n                             class=\"rt-img-responsive\"\n                             width=\"768\"\n                             height=\"576\"\n                             alt=\"DNA Analyse \u2013 der Lichtschalter f\u00fcr den eigenen K\u00f6rper\">\n\t\t\t\t\t\t\n\t\t\t\t\t\t\t\n\t\t<\/a>\n\t\t        <div class=\"overlay grid-hover-content\"><\/div>\n\t\t\t\t\t\t<\/div>\n\t\t\t\n\n\t\t\t<div class=\"entry-title-wrapper\">        <div class=\"tpg-separate-category style1 top_left cat-above-title\">\n\t\t\t<span class='categories-links'>\n\t\t\t\n\t\t\t<a class=\"03-2026-damen\" href=\"https:\/\/www.georgsorden.eu\/de\/category\/03-2026-damen\/\">03-2026, Damen<\/a><span class=\"rt-separator\">,<\/span><a class=\"burgenland\" href=\"https:\/\/www.georgsorden.eu\/de\/category\/burgenland\/\">Komturei Burgenland<\/a>\t\t\t<\/span>\n        <\/div>\n\t\t<h6 class=\"entry-title\"><a data-id=\"18207\" href=\"https:\/\/www.georgsorden.eu\/de\/vortrag-27-03-2026\/\" class=\"tpg-post-link\" target=\"_self\">DNA Analyse \u2013 der Lichtschalter f\u00fcr den eigenen K\u00f6rper<\/a><\/h6><\/div>\n\t\t\t\t\t\t\t<div class=\"post-meta-tags rt-el-post-meta\">\n\t\t\t\t\t            <span class='categories-links'>\n\t\t\t\t<a class=\"03-2026-damen\" href=\"https:\/\/www.georgsorden.eu\/de\/category\/03-2026-damen\/\">03-2026, Damen<\/a><span class=\"rt-separator\">,<\/span><a class=\"burgenland\" href=\"https:\/\/www.georgsorden.eu\/de\/category\/burgenland\/\">Komturei Burgenland<\/a>\t\t\t<\/span>\n\t\t\t\t\t\t\t<\/div>\n\t\t\t\n\t\t\t\t\t\t\t<div class=\"tpg-excerpt tpg-el-excerpt\">\n\t\t\t\t\t\t\t\t\t\t\t<div class=\"tpg-excerpt-inner\">\n\t\t\t\t\t\t\tAuf Einladung der Damen des St. Georgs-Orden fand am Freitag, 27. M\u00e4rz 2026, die Veranstaltung \u201eDNA Analyse \u2013 der Lichtschalter f\u00fcr den eigenen K\u00f6rper\u201c, organisiert durch die Komturei Burgenland, statt.\t\t\t\t\t\t<\/div>\n\t\t\t\t\t\t\t\t\t\t\t\t\t\t<\/div>\n\t\t\t\n\t\t\t        <div class=\"post-footer\">\n            <div class=\"post-footer\">\n                <div class=\"read-more\">\n\t\t\t\t\t<a data-id=\"18207\" href=\"https:\/\/www.georgsorden.eu\/de\/vortrag-27-03-2026\/\" class=\"tpg-post-link\" target=\"_self\">Lesen Sie mehr&#8230;<\/a>                <\/div>\n            <\/div>\n        <\/div>\n\t\t\t\t<\/div>\n\t<\/div>\n<\/div>\n\n<div class=\"rt-col-md-6 rt-col-sm-6 rt-col-xs-12 img_no_effect rt-grid-item\" data-id=\"18237\">\n\t<div class=\"rt-holder tpg-post-holder \">\n\t\t<div class=\"rt-detail rt-el-content-wrapper\">\n\t\t\t\t\t\t\t<div class=\"rt-img-holder tpg-el-image-wrap has-thumbnail\">\n\t\t\t\t\t<a data-id=\"18237\" href=\"https:\/\/www.georgsorden.eu\/de\/morawa-26-03-2026\/\" class=\"tpg-post-link\" target=\"_self\">                        <img loading=\"lazy\" decoding=\"async\" src=\"https:\/\/www.georgsorden.eu\/wp-content\/uploads\/2026\/04\/OSG_MORAWA_1-768x512.jpg\"\n                             class=\"rt-img-responsive\"\n                             width=\"768\"\n                             height=\"512\"\n                             alt=\"Erinnerungen, Reflexionen und feiner Humor \u2013 Karl von Habsburg im Gespr\u00e4ch\">\n\t\t\t\t\t\t\n\t\t\t\t\t\t\t\n\t\t<\/a>\n\t\t        <div class=\"overlay grid-hover-content\"><\/div>\n\t\t\t\t\t\t<\/div>\n\t\t\t\n\n\t\t\t<div class=\"entry-title-wrapper\">        <div class=\"tpg-separate-category style1 top_left cat-above-title\">\n\t\t\t<span class='categories-links'>\n\t\t\t\n\t\t\t<a class=\"03-2026\" href=\"https:\/\/www.georgsorden.eu\/de\/category\/03-2026\/\">03-2026<\/a><span class=\"rt-separator\">,<\/span><a class=\"orden-allgemein\" href=\"https:\/\/www.georgsorden.eu\/de\/category\/orden-allgemein\/\">Orden allgemein<\/a>\t\t\t<\/span>\n        <\/div>\n\t\t<h6 class=\"entry-title\"><a data-id=\"18237\" href=\"https:\/\/www.georgsorden.eu\/de\/morawa-26-03-2026\/\" class=\"tpg-post-link\" target=\"_self\">Erinnerungen, Reflexionen und feiner Humor \u2013 Karl von Habsburg im Gespr\u00e4ch<\/a><\/h6><\/div>\n\t\t\t\t\t\t\t<div class=\"post-meta-tags rt-el-post-meta\">\n\t\t\t\t\t            <span class='categories-links'>\n\t\t\t\t<a class=\"03-2026\" href=\"https:\/\/www.georgsorden.eu\/de\/category\/03-2026\/\">03-2026<\/a><span class=\"rt-separator\">,<\/span><a class=\"orden-allgemein\" href=\"https:\/\/www.georgsorden.eu\/de\/category\/orden-allgemein\/\">Orden allgemein<\/a>\t\t\t<\/span>\n\t\t\t\t\t\t\t<\/div>\n\t\t\t\n\t\t\t\t\t\t\t<div class=\"tpg-excerpt tpg-el-excerpt\">\n\t\t\t\t\t\t\t\t\t\t\t<div class=\"tpg-excerpt-inner\">\n\t\t\t\t\t\t\tAm 26. M\u00e4rz 2026 wurde in der traditionsreichen Buchhandlung Morawa in Wien die neue Biografie von Karl von Habsburg pr\u00e4sentiert.\t\t\t\t\t\t<\/div>\n\t\t\t\t\t\t\t\t\t\t\t\t\t\t<\/div>\n\t\t\t\n\t\t\t        <div class=\"post-footer\">\n            <div class=\"post-footer\">\n                <div class=\"read-more\">\n\t\t\t\t\t<a data-id=\"18237\" href=\"https:\/\/www.georgsorden.eu\/de\/morawa-26-03-2026\/\" class=\"tpg-post-link\" target=\"_self\">Lesen Sie mehr&#8230;<\/a>                <\/div>\n            <\/div>\n        <\/div>\n\t\t\t\t<\/div>\n\t<\/div>\n<\/div>\n\n<div class=\"rt-col-md-6 rt-col-sm-6 rt-col-xs-12 img_no_effect rt-grid-item\" data-id=\"18247\">\n\t<div class=\"rt-holder tpg-post-holder \">\n\t\t<div class=\"rt-detail rt-el-content-wrapper\">\n\t\t\t\t\t\t\t<div class=\"rt-img-holder tpg-el-image-wrap has-thumbnail\">\n\t\t\t\t\t<a data-id=\"18247\" href=\"https:\/\/www.georgsorden.eu\/de\/ausflug-25-03-2026\/\" class=\"tpg-post-link\" target=\"_self\">                        <img loading=\"lazy\" decoding=\"async\" src=\"https:\/\/www.georgsorden.eu\/wp-content\/uploads\/2026\/04\/2026-03-Ausflug-TechnischesMuseum-04-web.jpg\"\n                             class=\"rt-img-responsive\"\n                             width=\"717\"\n                             height=\"523\"\n                             alt=\"Projekt \u201eHerzensw\u00e4rme\u201c\u2013 Ausflug ins Technische Museum\">\n\t\t\t\t\t\t\n\t\t\t\t\t\t\t\n\t\t<\/a>\n\t\t        <div class=\"overlay grid-hover-content\"><\/div>\n\t\t\t\t\t\t<\/div>\n\t\t\t\n\n\t\t\t<div class=\"entry-title-wrapper\">        <div class=\"tpg-separate-category style1 top_left cat-above-title\">\n\t\t\t<span class='categories-links'>\n\t\t\t\n\t\t\t<a class=\"03-2026-damen\" href=\"https:\/\/www.georgsorden.eu\/de\/category\/03-2026-damen\/\">03-2026, Damen<\/a>\t\t\t<\/span>\n        <\/div>\n\t\t<h6 class=\"entry-title\"><a data-id=\"18247\" href=\"https:\/\/www.georgsorden.eu\/de\/ausflug-25-03-2026\/\" class=\"tpg-post-link\" target=\"_self\">Projekt \u201eHerzensw\u00e4rme\u201c\u2013 Ausflug ins Technische Museum<\/a><\/h6><\/div>\n\t\t\t\t\t\t\t<div class=\"post-meta-tags rt-el-post-meta\">\n\t\t\t\t\t            <span class='categories-links'>\n\t\t\t\t<a class=\"03-2026-damen\" href=\"https:\/\/www.georgsorden.eu\/de\/category\/03-2026-damen\/\">03-2026, Damen<\/a>\t\t\t<\/span>\n\t\t\t\t\t\t\t<\/div>\n\t\t\t\n\t\t\t\t\t\t\t<div class=\"tpg-excerpt tpg-el-excerpt\">\n\t\t\t\t\t\t\t\t\t\t\t<div class=\"tpg-excerpt-inner\">\n\t\t\t\t\t\t\tAm 25. M\u00e4rz 2026 haben die Damen des St. Georgs-Orden eine weitere Aktivit\u00e4t der Seniorenbetreuung im Rahmen des Projekts \u201eHerzensw\u00e4rme\u201c gesetzt.\t\t\t\t\t\t<\/div>\n\t\t\t\t\t\t\t\t\t\t\t\t\t\t<\/div>\n\t\t\t\n\t\t\t        <div class=\"post-footer\">\n            <div class=\"post-footer\">\n                <div class=\"read-more\">\n\t\t\t\t\t<a data-id=\"18247\" href=\"https:\/\/www.georgsorden.eu\/de\/ausflug-25-03-2026\/\" class=\"tpg-post-link\" target=\"_self\">Lesen Sie mehr&#8230;<\/a>                <\/div>\n            <\/div>\n        <\/div>\n\t\t\t\t<\/div>\n\t<\/div>\n<\/div>\n\n<div class=\"rt-col-md-6 rt-col-sm-6 rt-col-xs-12 img_no_effect rt-grid-item\" data-id=\"18167\">\n\t<div class=\"rt-holder tpg-post-holder \">\n\t\t<div class=\"rt-detail rt-el-content-wrapper\">\n\t\t\t\t\t\t\t<div class=\"rt-img-holder tpg-el-image-wrap has-thumbnail\">\n\t\t\t\t\t<a data-id=\"18167\" href=\"https:\/\/www.georgsorden.eu\/de\/vortrag-12-03-2026\/\" class=\"tpg-post-link\" target=\"_self\">                        <img loading=\"lazy\" decoding=\"async\" src=\"https:\/\/www.georgsorden.eu\/wp-content\/uploads\/2026\/03\/Schwarz-Seebacher-03-2026-Headerbild-768x576.jpg\"\n                             class=\"rt-img-responsive\"\n                             width=\"768\"\n                             height=\"576\"\n                             alt=\"Vom Bauchgef\u00fchl zur begr\u00fcndeten Entscheidung\">\n\t\t\t\t\t\t\n\t\t\t\t\t\t\t\n\t\t<\/a>\n\t\t        <div class=\"overlay grid-hover-content\"><\/div>\n\t\t\t\t\t\t<\/div>\n\t\t\t\n\n\t\t\t<div class=\"entry-title-wrapper\">        <div class=\"tpg-separate-category style1 top_left cat-above-title\">\n\t\t\t<span class='categories-links'>\n\t\t\t\n\t\t\t<a class=\"03-2026\" href=\"https:\/\/www.georgsorden.eu\/de\/category\/03-2026\/\">03-2026<\/a><span class=\"rt-separator\">,<\/span><a class=\"steiermark-kaernten-schlossberg\" href=\"https:\/\/www.georgsorden.eu\/de\/category\/steiermark-kaernten-schlossberg\/\">Komturei Steiermark\/K\u00e4rnten &#8211; Schlossberg<\/a>\t\t\t<\/span>\n        <\/div>\n\t\t<h6 class=\"entry-title\"><a data-id=\"18167\" href=\"https:\/\/www.georgsorden.eu\/de\/vortrag-12-03-2026\/\" class=\"tpg-post-link\" target=\"_self\">Vom Bauchgef\u00fchl zur begr\u00fcndeten Entscheidung<\/a><\/h6><\/div>\n\t\t\t\t\t\t\t<div class=\"post-meta-tags rt-el-post-meta\">\n\t\t\t\t\t            <span class='categories-links'>\n\t\t\t\t<a class=\"03-2026\" href=\"https:\/\/www.georgsorden.eu\/de\/category\/03-2026\/\">03-2026<\/a><span class=\"rt-separator\">,<\/span><a class=\"steiermark-kaernten-schlossberg\" href=\"https:\/\/www.georgsorden.eu\/de\/category\/steiermark-kaernten-schlossberg\/\">Komturei Steiermark\/K\u00e4rnten &#8211; Schlossberg<\/a>\t\t\t<\/span>\n\t\t\t\t\t\t\t<\/div>\n\t\t\t\n\t\t\t\t\t\t\t<div class=\"tpg-excerpt tpg-el-excerpt\">\n\t\t\t\t\t\t\t\t\t\t\t<div class=\"tpg-excerpt-inner\">\n\t\t\t\t\t\t\tAm 12. M\u00e4rz 2026 lud die Komturei im Rahmen der ersten Komtureisitzung in diesem Jahr zu einem Fachvortrag von Prof. Dr. Uwe Seebacher ein.\t\t\t\t\t\t<\/div>\n\t\t\t\t\t\t\t\t\t\t\t\t\t\t<\/div>\n\t\t\t\n\t\t\t        <div class=\"post-footer\">\n            <div class=\"post-footer\">\n                <div class=\"read-more\">\n\t\t\t\t\t<a data-id=\"18167\" href=\"https:\/\/www.georgsorden.eu\/de\/vortrag-12-03-2026\/\" class=\"tpg-post-link\" target=\"_self\">Lesen Sie mehr&#8230;<\/a>                <\/div>\n            <\/div>\n        <\/div>\n\t\t\t\t<\/div>\n\t<\/div>\n<\/div>\n\n<div class=\"rt-col-md-6 rt-col-sm-6 rt-col-xs-12 img_no_effect rt-grid-item\" data-id=\"18225\">\n\t<div class=\"rt-holder tpg-post-holder \">\n\t\t<div class=\"rt-detail rt-el-content-wrapper\">\n\t\t\t\t\t\t\t<div class=\"rt-img-holder tpg-el-image-wrap has-thumbnail\">\n\t\t\t\t\t<a data-id=\"18225\" href=\"https:\/\/www.georgsorden.eu\/de\/vortrag-11-03-2026\/\" class=\"tpg-post-link\" target=\"_self\">                        <img loading=\"lazy\" decoding=\"async\" src=\"https:\/\/www.georgsorden.eu\/wp-content\/uploads\/2026\/04\/Vortrag-Suedosteuropa-03-2026-1W3A8160-768x512.jpg\"\n                             class=\"rt-img-responsive\"\n                             width=\"768\"\n                             height=\"512\"\n                             alt=\"Bosnien und Herzegowina: Historische Wurzeln und europ\u00e4ische Chancen\">\n\t\t\t\t\t\t\n\t\t\t\t\t\t\t\n\t\t<\/a>\n\t\t        <div class=\"overlay grid-hover-content\"><\/div>\n\t\t\t\t\t\t<\/div>\n\t\t\t\n\n\t\t\t<div class=\"entry-title-wrapper\">        <div class=\"tpg-separate-category style1 top_left cat-above-title\">\n\t\t\t<span class='categories-links'>\n\t\t\t\n\t\t\t<a class=\"03-2026\" href=\"https:\/\/www.georgsorden.eu\/de\/category\/03-2026\/\">03-2026<\/a><span class=\"rt-separator\">,<\/span><a class=\"orden-allgemein\" href=\"https:\/\/www.georgsorden.eu\/de\/category\/orden-allgemein\/\">Orden allgemein<\/a>\t\t\t<\/span>\n        <\/div>\n\t\t<h6 class=\"entry-title\"><a data-id=\"18225\" href=\"https:\/\/www.georgsorden.eu\/de\/vortrag-11-03-2026\/\" class=\"tpg-post-link\" target=\"_self\">Bosnien und Herzegowina: Historische Wurzeln und europ\u00e4ische Chancen<\/a><\/h6><\/div>\n\t\t\t\t\t\t\t<div class=\"post-meta-tags rt-el-post-meta\">\n\t\t\t\t\t            <span class='categories-links'>\n\t\t\t\t<a class=\"03-2026\" href=\"https:\/\/www.georgsorden.eu\/de\/category\/03-2026\/\">03-2026<\/a><span class=\"rt-separator\">,<\/span><a class=\"orden-allgemein\" href=\"https:\/\/www.georgsorden.eu\/de\/category\/orden-allgemein\/\">Orden allgemein<\/a>\t\t\t<\/span>\n\t\t\t\t\t\t\t<\/div>\n\t\t\t\n\t\t\t\t\t\t\t<div class=\"tpg-excerpt tpg-el-excerpt\">\n\t\t\t\t\t\t\t\t\t\t\t<div class=\"tpg-excerpt-inner\">\n\t\t\t\t\t\t\tAm 11.\u202fM\u00e4rz\u202f2026 hielt der stellvertretende Au\u00dfenminister von Bosnien\u2011Herzegowina, \u202fJosip Brki\u0107, einen eindrucksvollen Vortrag \u00fcber die Bedeutung S\u00fcdosteuropas f\u00fcr die Zukunft der Europ\u00e4ischen Union.\t\t\t\t\t\t<\/div>\n\t\t\t\t\t\t\t\t\t\t\t\t\t\t<\/div>\n\t\t\t\n\t\t\t        <div class=\"post-footer\">\n            <div class=\"post-footer\">\n                <div class=\"read-more\">\n\t\t\t\t\t<a data-id=\"18225\" href=\"https:\/\/www.georgsorden.eu\/de\/vortrag-11-03-2026\/\" class=\"tpg-post-link\" target=\"_self\">Lesen Sie mehr&#8230;<\/a>                <\/div>\n            <\/div>\n        <\/div>\n\t\t\t\t<\/div>\n\t<\/div>\n<\/div>\n                <\/div>\n\n\t\t\t\t\n            <\/div>\n        <\/div>\n\t\t","protected":false},"excerpt":{"rendered":"<p>Wir freuen uns, Sie auf unserer Website begr\u00fc\u00dfen zu d\u00fcrfen, auf der Sie einen \u00dcberblick \u00fcber unsere Ziele und Aktivit\u00e4ten finden. Aktuelles<\/p>\n","protected":false},"author":1,"featured_media":0,"parent":0,"menu_order":0,"comment_status":"closed","ping_status":"closed","template":"","meta":{"footnotes":""},"class_list":["post-29","page","type-page","status-publish"],"publishpress_future_action":{"enabled":false,"date":"2026-04-29 03:49:55","action":"change-status","newStatus":"draft","terms":[],"taxonomy":"language","extraData":[]},"publishpress_future_workflow_manual_trigger":{"enabledWorkflows":[]},"rttpg_featured_image_url":null,"rttpg_author":{"display_name":"iktopia","author_link":"https:\/\/www.georgsorden.eu\/de\/author\/iktopia\/"},"rttpg_comment":0,"rttpg_category":false,"rttpg_excerpt":"Wir freuen uns, Sie auf unserer Website begr\u00fc\u00dfen zu d\u00fcrfen, auf der Sie einen \u00dcberblick \u00fcber unsere Ziele und Aktivit\u00e4ten finden. Aktuelles","_links":{"self":[{"href":"https:\/\/www.georgsorden.eu\/de\/wp-json\/wp\/v2\/pages\/29","targetHints":{"allow":["GET"]}}],"collection":[{"href":"https:\/\/www.georgsorden.eu\/de\/wp-json\/wp\/v2\/pages"}],"about":[{"href":"https:\/\/www.georgsorden.eu\/de\/wp-json\/wp\/v2\/types\/page"}],"author":[{"embeddable":true,"href":"https:\/\/www.georgsorden.eu\/de\/wp-json\/wp\/v2\/users\/1"}],"replies":[{"embeddable":true,"href":"https:\/\/www.georgsorden.eu\/de\/wp-json\/wp\/v2\/comments?post=29"}],"version-history":[{"count":49,"href":"https:\/\/www.georgsorden.eu\/de\/wp-json\/wp\/v2\/pages\/29\/revisions"}],"predecessor-version":[{"id":14830,"href":"https:\/\/www.georgsorden.eu\/de\/wp-json\/wp\/v2\/pages\/29\/revisions\/14830"}],"wp:attachment":[{"href":"https:\/\/www.georgsorden.eu\/de\/wp-json\/wp\/v2\/media?parent=29"}],"curies":[{"name":"wp","href":"https:\/\/api.w.org\/{rel}","templated":true}]}}