{"id":3886,"date":"2022-01-19T12:06:00","date_gmt":"2022-01-19T11:06:00","guid":{"rendered":"https:\/\/www.georgsorden.at\/de\/?page_id=3886"},"modified":"2025-12-05T15:45:22","modified_gmt":"2025-12-05T14:45:22","slug":"jahresthema","status":"publish","type":"page","link":"https:\/\/www.georgsorden.eu\/de\/jahresthema\/","title":{"rendered":"Jahresthema"},"content":{"rendered":"\n<p>Der Gro\u00dfmeister des St. Georgs-Orden SKKH Karl von Habsburg gibt dem Orden jedes Jahr ein spezielles Thema zur intensiveren Betrachtung aus verschiedenen Blickwinkeln im Rahmen der j\u00e4hrlichen Aktivit\u00e4ten der Komtureien und der Ordensregierung vor. Er selbst nimmt in seiner Rede zur Zukunft Europas, die \u00fcblicherweise im J\u00e4nner jeden Jahres mit gro\u00dfer Aufmerksamkeit in ganz Europa wahrgenommen wird, aus seiner Sicht Stellung dazu.<\/p>\n\n\n\n<div style=\"height:15px\" aria-hidden=\"true\" class=\"wp-block-spacer\"><\/div>\n\n\n\n<h4 class=\"wp-block-heading\">Themen der letzten Jahre<\/h4>\n\n\n\n<p>2026: Verantwortung statt Verweigerung<\/p>\n\n\n\n<p>2025: Haltung. Orientierung. Hoffnung.<\/p>\n\n\n\n<p>2024: Mut zur Verantwortung<\/p>\n\n\n\n<p>2023: Sicherheit durch Einigkeit<\/p>\n\n\n\n<p>2022: Der Kampf um die Seele Europas<\/p>\n\n\n\n<p>2021: Die Identit\u00e4t Europas<\/p>\n\n\n\n<p>2020: Freiheit<\/p>\n\n\n\n<div style=\"height:15px\" aria-hidden=\"true\" class=\"wp-block-spacer\"><\/div>\n\n\n\n<p>Seitens der Ordensakademie werden die verschiedenen Beitr\u00e4ge zum jeweiligen Jahresthema gesammelt und sollen zuk\u00fcnftig auch als Jahrbuch ver\u00f6ffentlicht werden.<\/p>\n","protected":false},"excerpt":{"rendered":"<p>Der Gro\u00dfmeister des St. Georgs-Orden SKKH Karl von Habsburg gibt dem Orden jedes Jahr ein spezielles Thema zur intensiveren Betrachtung aus verschiedenen Blickwinkeln im Rahmen der j\u00e4hrlichen Aktivit\u00e4ten der Komtureien und der Ordensregierung vor. Er selbst nimmt in seiner Rede zur Zukunft Europas, die \u00fcblicherweise im J\u00e4nner jeden Jahres mit gro\u00dfer Aufmerksamkeit in ganz Europa &#8230; <a title=\"Jahresthema\" class=\"read-more\" href=\"https:\/\/www.georgsorden.eu\/de\/jahresthema\/\" aria-label=\"Mehr Informationen \u00fcber Jahresthema\">Weiterlesen<\/a><\/p>\n","protected":false},"author":1,"featured_media":0,"parent":0,"menu_order":0,"comment_status":"closed","ping_status":"closed","template":"","meta":{"footnotes":""},"class_list":["post-3886","page","type-page","status-publish"],"publishpress_future_action":{"enabled":false,"date":"2026-05-12 06:16:40","action":"change-status","newStatus":"draft","terms":[],"taxonomy":"language","extraData":[]},"publishpress_future_workflow_manual_trigger":{"enabledWorkflows":[]},"rttpg_featured_image_url":null,"rttpg_author":{"display_name":"iktopia","author_link":"https:\/\/www.georgsorden.eu\/de\/author\/iktopia\/"},"rttpg_comment":0,"rttpg_category":false,"rttpg_excerpt":"Der Gro\u00dfmeister des St. Georgs-Orden SKKH Karl von Habsburg gibt dem Orden jedes Jahr ein spezielles Thema zur intensiveren Betrachtung aus verschiedenen Blickwinkeln im Rahmen der j\u00e4hrlichen Aktivit\u00e4ten der Komtureien und der Ordensregierung vor. Er selbst nimmt in seiner Rede zur Zukunft Europas, die \u00fcblicherweise im J\u00e4nner jeden Jahres mit gro\u00dfer Aufmerksamkeit in ganz Europa&hellip;","_links":{"self":[{"href":"https:\/\/www.georgsorden.eu\/de\/wp-json\/wp\/v2\/pages\/3886","targetHints":{"allow":["GET"]}}],"collection":[{"href":"https:\/\/www.georgsorden.eu\/de\/wp-json\/wp\/v2\/pages"}],"about":[{"href":"https:\/\/www.georgsorden.eu\/de\/wp-json\/wp\/v2\/types\/page"}],"author":[{"embeddable":true,"href":"https:\/\/www.georgsorden.eu\/de\/wp-json\/wp\/v2\/users\/1"}],"replies":[{"embeddable":true,"href":"https:\/\/www.georgsorden.eu\/de\/wp-json\/wp\/v2\/comments?post=3886"}],"version-history":[{"count":15,"href":"https:\/\/www.georgsorden.eu\/de\/wp-json\/wp\/v2\/pages\/3886\/revisions"}],"predecessor-version":[{"id":17612,"href":"https:\/\/www.georgsorden.eu\/de\/wp-json\/wp\/v2\/pages\/3886\/revisions\/17612"}],"wp:attachment":[{"href":"https:\/\/www.georgsorden.eu\/de\/wp-json\/wp\/v2\/media?parent=3886"}],"curies":[{"name":"wp","href":"https:\/\/api.w.org\/{rel}","templated":true}]}}