{"id":4289,"date":"2022-03-17T10:09:28","date_gmt":"2022-03-17T09:09:28","guid":{"rendered":"https:\/\/www.georgsorden.at\/de\/?page_id=4289"},"modified":"2025-12-03T11:15:21","modified_gmt":"2025-12-03T10:15:21","slug":"ordens-handbuch","status":"publish","type":"page","link":"https:\/\/www.georgsorden.eu\/de\/internes\/ordens-handbuch\/","title":{"rendered":"Ordens-Handbuch"},"content":{"rendered":"\n<h1 class=\"wp-block-heading\">Ordens-Handbuch<\/h1>\n\n\n\n<h4 class=\"wp-block-heading\">Der St. Georgs-Orden &#8211; Ein \u00dcberblick<\/h4>\n\n\n\n<p>Es freut mich, dass ich als Kanzler des St. Georgs-Orden das vorliegende Handbuch vorstellen darf. Es bietet einen \u00dcberblick \u00fcber die wichtigsten Themen und Zusammenh\u00e4nge rund um den St. Georgs-Orden. Als kompaktes Nachschlagewerk richtet sich dieses Handbuch sowohl an die bestehenden Mitglieder unserer Gemeinschaft als auch an alle Interessierten und an zuk\u00fcnftigen Ordensdamen und Ordensritter; es soll als Leitfaden und zur Orientierung dienen.<\/p>\n\n\n\n<p>Der erste Teil deckt neben unserem Auftrag und unseren Werten, zu denen sich jeder einzelne von uns bekennt, auch alle organisatorischen Aspekte \u00fcber Rechte, Pflichten bis hin zu Kleidung und Trageweise von Abzeichen ab. Dem karitativen Auftrag des Ordens, der vorrangig bei den Damen angesiedelt ist, sowie der spezifischen Organisation der Damen, ist ebenso ein eigener Teil gewidmet.<\/p>\n\n\n\n<p>In weiterer Folge wird die Bedeutung unseres Schutzpatrons, des Heiligen Georgs, der Bezug des Ordens zum Erzhaus Habsburg-Lothringen sowie unsere bewegende und ereignisvollen Ordensgeschichte in einer komprimierten Form erl\u00e4utert. Der Geschichtsteil f\u00e4ngt die wichtigsten Momente und Aufgaben des damaligen wie heutigen St. Georgs-Orden ein. Eine \u00dcbersicht der Begrifflichkeiten \u201eRitterlichkeit\u201c und \u201eOrden\u201c, sowie die Einordnung unseres Ordens in der Vielzahl von Orden, runden diese kurze Einf\u00fchrung ab.<\/p>\n\n\n\n<p>Wir hoffen, dieses Nachschlagewerk hilft, sich in unserem Gemeinschaftsalltag besser zurechtzufinden und st\u00e4rkt das pers\u00f6nliche Engagement bei der Verfolgung der Ordensziele.<\/p>\n\n\n\n<p><em>(Auszug aus dem Vortwort des Kanzlers)<\/em><\/p>\n\n\n<div class=\"wpum-message warning\">\n\t<p>Dieser Inhalt ist nur f\u00fcr Mitglieder zug\u00e4nglich. Bitte <a href=\"https:\/\/www.georgsorden.eu\/de\/log-in\/?redirect_to=https:\/\/www.georgsorden.eu\/de\/wp-json\/wp\/v2\/pages\/4289\">melden Sie sich an<\/a>.<\/p>\n<\/div>\n\n\n\n\n","protected":false},"excerpt":{"rendered":"<p>Ordens-Handbuch Der St. Georgs-Orden &#8211; Ein \u00dcberblick Es freut mich, dass ich als Kanzler des St. Georgs-Orden das vorliegende Handbuch vorstellen darf. Es bietet einen \u00dcberblick \u00fcber die wichtigsten Themen und Zusammenh\u00e4nge rund um den St. Georgs-Orden. Als kompaktes Nachschlagewerk richtet sich dieses Handbuch sowohl an die bestehenden Mitglieder unserer Gemeinschaft als auch an alle &#8230; <a title=\"Ordens-Handbuch\" class=\"read-more\" href=\"https:\/\/www.georgsorden.eu\/de\/internes\/ordens-handbuch\/\" aria-label=\"Mehr Informationen \u00fcber Ordens-Handbuch\">Weiterlesen<\/a><\/p>\n","protected":false},"author":1,"featured_media":0,"parent":298,"menu_order":0,"comment_status":"closed","ping_status":"closed","template":"","meta":{"footnotes":""},"class_list":["post-4289","page","type-page","status-publish"],"publishpress_future_action":{"enabled":false,"date":"2026-04-28 18:55:22","action":"change-status","newStatus":"draft","terms":[],"taxonomy":"language","extraData":[]},"publishpress_future_workflow_manual_trigger":{"enabledWorkflows":[]},"rttpg_featured_image_url":null,"rttpg_author":{"display_name":"iktopia","author_link":"https:\/\/www.georgsorden.eu\/de\/author\/iktopia\/"},"rttpg_comment":0,"rttpg_category":false,"rttpg_excerpt":"Ordens-Handbuch Der St. Georgs-Orden &#8211; Ein \u00dcberblick Es freut mich, dass ich als Kanzler des St. Georgs-Orden das vorliegende Handbuch vorstellen darf. Es bietet einen \u00dcberblick \u00fcber die wichtigsten Themen und Zusammenh\u00e4nge rund um den St. Georgs-Orden. Als kompaktes Nachschlagewerk richtet sich dieses Handbuch sowohl an die bestehenden Mitglieder unserer Gemeinschaft als auch an alle&hellip;","_links":{"self":[{"href":"https:\/\/www.georgsorden.eu\/de\/wp-json\/wp\/v2\/pages\/4289","targetHints":{"allow":["GET"]}}],"collection":[{"href":"https:\/\/www.georgsorden.eu\/de\/wp-json\/wp\/v2\/pages"}],"about":[{"href":"https:\/\/www.georgsorden.eu\/de\/wp-json\/wp\/v2\/types\/page"}],"author":[{"embeddable":true,"href":"https:\/\/www.georgsorden.eu\/de\/wp-json\/wp\/v2\/users\/1"}],"replies":[{"embeddable":true,"href":"https:\/\/www.georgsorden.eu\/de\/wp-json\/wp\/v2\/comments?post=4289"}],"version-history":[{"count":21,"href":"https:\/\/www.georgsorden.eu\/de\/wp-json\/wp\/v2\/pages\/4289\/revisions"}],"predecessor-version":[{"id":17608,"href":"https:\/\/www.georgsorden.eu\/de\/wp-json\/wp\/v2\/pages\/4289\/revisions\/17608"}],"up":[{"embeddable":true,"href":"https:\/\/www.georgsorden.eu\/de\/wp-json\/wp\/v2\/pages\/298"}],"wp:attachment":[{"href":"https:\/\/www.georgsorden.eu\/de\/wp-json\/wp\/v2\/media?parent=4289"}],"curies":[{"name":"wp","href":"https:\/\/api.w.org\/{rel}","templated":true}]}}