{"id":438,"date":"2021-02-23T13:20:39","date_gmt":"2021-02-23T12:20:39","guid":{"rendered":"https:\/\/www.georgs-orden.at\/de\/?page_id=438"},"modified":"2023-04-25T11:43:49","modified_gmt":"2023-04-25T09:43:49","slug":"auftrag-damen","status":"publish","type":"page","link":"https:\/\/www.georgsorden.eu\/de\/auftrag-damen\/","title":{"rendered":"Auftrag &#8211; Damen"},"content":{"rendered":"\n<h1 class=\"wp-block-heading\">Auftrag<\/h1>\n\n\n\n<p>Die Damen des St. Georgs-Orden unterst\u00fctzen die Ritter bei der Erf\u00fcllung der in den Ordensprinzipien festgehaltenen karitativen Aufgaben. Ziel ist es, einem europ\u00e4ischen Orden entsprechend, eine fl\u00e4chendeckende Pr\u00e4senz zu erzielen, damit die karitative Arbeit \u00fcber die gesamte Breite des Ordens gew\u00e4hrleistet ist. <\/p>\n\n\n\n<p>Da sich der Orden als elit\u00e4r versteht, werden Damen nur auf gepr\u00fcften Vorschlag eines Ordensritters oder einer Ordensdame und nach Absolvierung der vorgesehenen Anwartschaft, wie auch Erf\u00fcllung der definierten Kriterien, aufgenommen.<\/p>\n\n\n\n<p>Die Damen des St. Georgs-Orden unterstehen dem Gro\u00dfmeister SKKH Karl von Habsburg und der Ordensregierung.<\/p>\n\n\n\n<div style=\"height:5px\" aria-hidden=\"true\" class=\"wp-block-spacer\"><\/div>\n\n\n\n<h3 class=\"wp-block-heading\">Manifesto<\/h3>\n\n\n\n<p>Im Jahr 2023 wurde in einem gemeinsamen Workshop der Funktionstr\u00e4gerinnen folgendes Manifest f\u00fcr die Damen erarbeitet:<\/p>\n\n\n\n<ol class=\"wp-block-list\">\n<li>Wir \u2013 die Damen des St. Georgs-Orden \u2013 sind mehr als Unterst\u00fctzerinnen der in den Ordensprinzipien festgehaltenen karitativen Aufgaben.\u00a0 Als gleichwertige Mitglieder leben und vertreten wir die besonderen Werte unserer christlichen Ordensgemeinschaft.<\/li>\n\n\n\n<li>Unser Auftrag der N\u00e4chstenliebe ist fest verbunden mit der europ\u00e4ischen Geschichte und den immerw\u00e4hrenden Prinzipien der Werte, Tradition und Bildung.<\/li>\n\n\n\n<li>Die Bek\u00e4mpfung des Elends in unserer N\u00e4he ist unsere wichtigste Aufgabe. An dieses Werk gehen wir mutig, offenherzig und transparent heran. Kein Elend ist uns zu gro\u00df, keine Hilfe zu klein. Wir schauen hin, wo anderen wegschauen.<\/li>\n\n\n\n<li>Geschichte und Bildung sind wertvolle Begleiter, weil wir an und mit ihnen lernen und wachsen k\u00f6nnen. Das gemeinsame Erbe und die soziokulturellen Leistungen der Habsburgischen Historie sind das Band, das uns verbindet. In Respekt f\u00fcr dieses einzigartige Band, setzen wir uns f\u00fcr dessen nachhaltige Pflege und Erlebbarkeit ein.<\/li>\n\n\n\n<li>Wir arbeiten engagiert und kommunizieren pers\u00f6nlich und transparent.\u00a0 Als Damen wissen wir um unsere besondere Verantwortung und setzen hohe Erwartungen an uns selbst und unsere Weggef\u00e4hrtinnen.<\/li>\n\n\n\n<li>Wer den Weg mit uns gehen will, muss sich sicher sein diese Werte mit uns zu teilen.<\/li>\n\n\n\n<li>Weil wir gemeinsam Halt und Haltung in unserer Gemeinschaft finden, richten wir unsere karitative und soziale Arbeit in Respekt f\u00fcr die Schw\u00e4cheren aus. Unser Beitrag ist Zeit- und Geldwert.<\/li>\n\n\n\n<li>Unser Lohn ist das Bewusstsein, etwas zum Wohle der Gesellschaft beizutragen und diese ein klein wenig zu verbessern. Gemeinsam ist uns allen die \u00dcberzeugung, dass Werte, Kultur, Bildung und die wichtigen Lehren aus der Geschichte die Welt heilen k\u00f6nnen.<\/li>\n<\/ol>\n\n\n\n<div class=\"wp-block-file\"><a id=\"wp-block-file--media-1dba709c-33a5-4085-a29c-60e6dbb25faf\" href=\"https:\/\/www.georgsorden.eu\/wp-content\/uploads\/2023\/04\/Manifesto-04-2023_DE.pdf\" target=\"_blank\" rel=\"noreferrer noopener\">Manifesto<\/a><a href=\"https:\/\/www.georgsorden.eu\/wp-content\/uploads\/2023\/04\/Manifesto-04-2023_DE.pdf\" class=\"wp-block-file__button wp-element-button\" download aria-describedby=\"wp-block-file--media-1dba709c-33a5-4085-a29c-60e6dbb25faf\">Herunterladen<\/a><\/div>\n","protected":false},"excerpt":{"rendered":"<p>Auftrag Die Damen des St. Georgs-Orden unterst\u00fctzen die Ritter bei der Erf\u00fcllung der in den Ordensprinzipien festgehaltenen karitativen Aufgaben. Ziel ist es, einem europ\u00e4ischen Orden entsprechend, eine fl\u00e4chendeckende Pr\u00e4senz zu erzielen, damit die karitative Arbeit \u00fcber die gesamte Breite des Ordens gew\u00e4hrleistet ist. Da sich der Orden als elit\u00e4r versteht, werden Damen nur auf gepr\u00fcften &#8230; <a title=\"Auftrag &#8211; Damen\" class=\"read-more\" href=\"https:\/\/www.georgsorden.eu\/de\/auftrag-damen\/\" aria-label=\"Mehr Informationen \u00fcber Auftrag &#8211; Damen\">Weiterlesen<\/a><\/p>\n","protected":false},"author":1,"featured_media":0,"parent":0,"menu_order":0,"comment_status":"closed","ping_status":"closed","template":"","meta":{"footnotes":""},"class_list":["post-438","page","type-page","status-publish"],"publishpress_future_action":{"enabled":false,"date":"2026-04-28 18:36:56","action":"change-status","newStatus":"draft","terms":[],"taxonomy":"language","extraData":[]},"publishpress_future_workflow_manual_trigger":{"enabledWorkflows":[]},"rttpg_featured_image_url":null,"rttpg_author":{"display_name":"iktopia","author_link":"https:\/\/www.georgsorden.eu\/de\/author\/iktopia\/"},"rttpg_comment":0,"rttpg_category":false,"rttpg_excerpt":"Auftrag Die Damen des St. Georgs-Orden unterst\u00fctzen die Ritter bei der Erf\u00fcllung der in den Ordensprinzipien festgehaltenen karitativen Aufgaben. Ziel ist es, einem europ\u00e4ischen Orden entsprechend, eine fl\u00e4chendeckende Pr\u00e4senz zu erzielen, damit die karitative Arbeit \u00fcber die gesamte Breite des Ordens gew\u00e4hrleistet ist. Da sich der Orden als elit\u00e4r versteht, werden Damen nur auf gepr\u00fcften&hellip;","_links":{"self":[{"href":"https:\/\/www.georgsorden.eu\/de\/wp-json\/wp\/v2\/pages\/438","targetHints":{"allow":["GET"]}}],"collection":[{"href":"https:\/\/www.georgsorden.eu\/de\/wp-json\/wp\/v2\/pages"}],"about":[{"href":"https:\/\/www.georgsorden.eu\/de\/wp-json\/wp\/v2\/types\/page"}],"author":[{"embeddable":true,"href":"https:\/\/www.georgsorden.eu\/de\/wp-json\/wp\/v2\/users\/1"}],"replies":[{"embeddable":true,"href":"https:\/\/www.georgsorden.eu\/de\/wp-json\/wp\/v2\/comments?post=438"}],"version-history":[{"count":6,"href":"https:\/\/www.georgsorden.eu\/de\/wp-json\/wp\/v2\/pages\/438\/revisions"}],"predecessor-version":[{"id":8681,"href":"https:\/\/www.georgsorden.eu\/de\/wp-json\/wp\/v2\/pages\/438\/revisions\/8681"}],"wp:attachment":[{"href":"https:\/\/www.georgsorden.eu\/de\/wp-json\/wp\/v2\/media?parent=438"}],"curies":[{"name":"wp","href":"https:\/\/api.w.org\/{rel}","templated":true}]}}