{"id":440,"date":"2021-02-23T13:37:15","date_gmt":"2021-02-23T12:37:15","guid":{"rendered":"https:\/\/www.georgs-orden.at\/de\/?page_id=440"},"modified":"2025-08-25T11:49:11","modified_gmt":"2025-08-25T09:49:11","slug":"struktur-damen","status":"publish","type":"page","link":"https:\/\/www.georgsorden.eu\/de\/struktur-damen\/","title":{"rendered":"Struktur &#8211; Damen"},"content":{"rendered":"\n<h1 class=\"wp-block-heading\">Struktur<\/h1>\n\n\n\n<figure class=\"wp-block-table is-style-regular\"><table class=\"has-fixed-layout\"><tbody><tr><td>Protektorin<\/td><td>IKKH Eilika<strong> von Habsburg-Lothringen<\/strong><\/td><\/tr><tr><td>Pr\u00e4sidentin<\/td><td>Baronin KommR Mag. Gabriela <strong>von Stimpfl-Abele<\/strong><\/td><\/tr><tr><td>Vizepr\u00e4sidentin<\/td><td>Ulrike <strong>G\u00fcnther<\/strong><br>Mag. Elke Maria <strong>Stuller<\/strong><br>Gr\u00e4fin Mag. Sanela <strong>Thun-Hohenstein<\/strong>, MBA<\/td><\/tr><tr><td>Sonderbeauftragte Ordensakademie<\/td><td>Lisa <strong>Brown<\/strong><\/td><\/tr><tr><td>Sonderbeauftragte Bildung &amp; Familie<\/td><td>Dr. Valentina <strong>Keblar<\/strong><\/td><\/tr><tr><td>Sonderbeauftragte Wirtschaft<\/td><td>Senatorin h.c. Honorarkonsulin Dorothea <strong>Haller-Laible<\/strong><\/td><\/tr><tr><td>Sonderbeauftragte Projektorganisation<\/td><td>Marina <strong>Huller<\/strong><\/td><\/tr><tr><td>Sonderbeauftragte Fundraising<\/td><td>Mag. Andrea <strong>Prantl<\/strong><\/td><\/tr><tr><td>Sonderbeauftragte Kunst &amp; Kultur<\/td><td>Elisabeth <strong>Ulm<\/strong><\/td><\/tr><tr><td>Sonderbeauftragte Karitatives<\/td><td>Mag. Dr. Adelheid Hildegard <strong>Zach<\/strong>, MBA<\/td><\/tr><tr><td>Sonderbeauftragte Pflege<\/td><td>MR Dr. Maria Elisabeth <strong>Brettlecker<\/strong><\/td><\/tr><tr><td>Zeremoni\u00e4rin<\/td><td>Mag. Brita Irene <strong>Berger<\/strong><\/td><\/tr><tr><td>Organisation<\/td><td>Marina <strong>Huller<\/strong><br>Sabine <strong>Kettner<\/strong><br>Mag. Birgit <strong>Weickenmeier<\/strong><\/td><\/tr><\/tbody><\/table><\/figure>\n","protected":false},"excerpt":{"rendered":"<p>Struktur Protektorin IKKH Eilika von Habsburg-Lothringen Pr\u00e4sidentin Baronin KommR Mag. Gabriela von Stimpfl-Abele Vizepr\u00e4sidentin Ulrike G\u00fcntherMag. Elke Maria StullerGr\u00e4fin Mag. Sanela Thun-Hohenstein, MBA Sonderbeauftragte Ordensakademie Lisa Brown Sonderbeauftragte Bildung &amp; Familie Dr. Valentina Keblar Sonderbeauftragte Wirtschaft Senatorin h.c. Honorarkonsulin Dorothea Haller-Laible Sonderbeauftragte Projektorganisation Marina Huller Sonderbeauftragte Fundraising Mag. Andrea Prantl Sonderbeauftragte Kunst &amp; Kultur Elisabeth &#8230; <a title=\"Struktur &#8211; Damen\" class=\"read-more\" href=\"https:\/\/www.georgsorden.eu\/de\/struktur-damen\/\" aria-label=\"Mehr Informationen \u00fcber Struktur &#8211; Damen\">Weiterlesen<\/a><\/p>\n","protected":false},"author":1,"featured_media":0,"parent":0,"menu_order":0,"comment_status":"closed","ping_status":"closed","template":"","meta":{"footnotes":""},"class_list":["post-440","page","type-page","status-publish"],"publishpress_future_action":{"enabled":false,"date":"2026-05-01 00:14:35","action":"change-status","newStatus":"draft","terms":[],"taxonomy":"language","extraData":[]},"publishpress_future_workflow_manual_trigger":{"enabledWorkflows":[]},"rttpg_featured_image_url":null,"rttpg_author":{"display_name":"iktopia","author_link":"https:\/\/www.georgsorden.eu\/de\/author\/iktopia\/"},"rttpg_comment":0,"rttpg_category":false,"rttpg_excerpt":"Struktur Protektorin IKKH Eilika von Habsburg-Lothringen Pr\u00e4sidentin Baronin KommR Mag. Gabriela von Stimpfl-Abele Vizepr\u00e4sidentin Ulrike G\u00fcntherMag. Elke Maria StullerGr\u00e4fin Mag. Sanela Thun-Hohenstein, MBA Sonderbeauftragte Ordensakademie Lisa Brown Sonderbeauftragte Bildung &amp; Familie Dr. Valentina Keblar Sonderbeauftragte Wirtschaft Senatorin h.c. Honorarkonsulin Dorothea Haller-Laible Sonderbeauftragte Projektorganisation Marina Huller Sonderbeauftragte Fundraising Mag. Andrea Prantl Sonderbeauftragte Kunst &amp; Kultur Elisabeth&hellip;","_links":{"self":[{"href":"https:\/\/www.georgsorden.eu\/de\/wp-json\/wp\/v2\/pages\/440","targetHints":{"allow":["GET"]}}],"collection":[{"href":"https:\/\/www.georgsorden.eu\/de\/wp-json\/wp\/v2\/pages"}],"about":[{"href":"https:\/\/www.georgsorden.eu\/de\/wp-json\/wp\/v2\/types\/page"}],"author":[{"embeddable":true,"href":"https:\/\/www.georgsorden.eu\/de\/wp-json\/wp\/v2\/users\/1"}],"replies":[{"embeddable":true,"href":"https:\/\/www.georgsorden.eu\/de\/wp-json\/wp\/v2\/comments?post=440"}],"version-history":[{"count":35,"href":"https:\/\/www.georgsorden.eu\/de\/wp-json\/wp\/v2\/pages\/440\/revisions"}],"predecessor-version":[{"id":16261,"href":"https:\/\/www.georgsorden.eu\/de\/wp-json\/wp\/v2\/pages\/440\/revisions\/16261"}],"wp:attachment":[{"href":"https:\/\/www.georgsorden.eu\/de\/wp-json\/wp\/v2\/media?parent=440"}],"curies":[{"name":"wp","href":"https:\/\/api.w.org\/{rel}","templated":true}]}}