{"id":4627,"date":"2022-04-25T17:07:35","date_gmt":"2022-04-25T15:07:35","guid":{"rendered":"https:\/\/www.georgsorden.at\/de\/?page_id=4627"},"modified":"2026-04-21T09:31:23","modified_gmt":"2026-04-21T07:31:23","slug":"ordensgebet","status":"publish","type":"page","link":"https:\/\/www.georgsorden.eu\/de\/ordensgebet\/","title":{"rendered":"Ordensgebet"},"content":{"rendered":"\n<p>Nachstehend finden Sie das durch unseren Geistlichen Rat verfasste Ordensgebet, das bei allen im Orden abgehaltenen Heiligen Messen gemeinsam gebetet wird.<\/p>\n\n\n\n<div style=\"height:15px\" aria-hidden=\"true\" class=\"wp-block-spacer\"><\/div>\n\n\n\n<p>Gott, allm\u00e4chtiger Vater, Du hast uns berufen, unter dem Zeichen des Heiligen Georg Dir zu dienen als Zeugen des Todes und der Auferstehung Deines Sohnes, unseres Herrn Jesus Christus. Hilf uns, nach seinem Vorbild mutig f\u00fcr die christlichen Werte einzutreten. Erhebe unseren Blick zu Christus, dem Auferstandenen, aus dessen Kraft der Heilige Georg gehandelt hat, und beseele unsere Ordensfamilie der Georgsritter zu hilfreicher Tat. Lass jeden Handgriff in Familie, Beruf, Gesellschaft und Kirche Gebet und Glaubenstat sein zur Verherrlichung Gottes.<\/p>\n\n\n\n<p>Wir bitten Dich auf die F\u00fcrsprache der Heiligen Mutter Gottes, unserer Lieben Frau von Mariazell, des Heiligen Joseph, des Heiligen Georg, der Heiligen Leopold, Stephan und Wenzel, der Heiligen Odilia, des Seligen Kaisers Karl und aller Heiligen: Gew\u00e4hre der Welt den Frieden. Gew\u00e4hre uns den Beistand des Heiligen Geistes, damit wir dem B\u00f6sen standhaft widerstehen und mutig f\u00fcr ein christliches Abendland eintreten.<\/p>\n\n\n\n<p>Bewahre Europa vor dem Verlust seiner christlichen Wurzeln und best\u00e4rke alle jene, die um eine neuerliche Ausbreitung des Reiches Gottes in Europa bem\u00fcht sind. Besch\u00fctze das Haus Habsburg-Lothringen, schenke uns Einheit in der Vielfalt, damit wir in unserer Zeit wirksam sein k\u00f6nnen. Barmherziger Gott, wir bitten Dich. Segne unsere Bruderschaft und sende uns, den Damen und Rittern des St. Georgs-Orden, Deinen Geist, damit wir mit vereinten Kr\u00e4ften treu und unerschrocken mit der Lanze unseres Gel\u00f6bnisses den Drachen bek\u00e4mpfen, der \u00fcberall, wo er am Werk ist, Spuren der Verw\u00fcstung hinterl\u00e4sst: Krankheit und Hunger, Verlassenheit und Heimatlosigkeit, Gleichg\u00fcltigkeit und Lieblosigkeit, Unglaube und Schuld. <\/p>\n\n\n\n<p>Heiliger Georg! Bitte f\u00fcr uns, damit wir unsere Aufgaben herzhaft wahrnehmen! Sei uns F\u00fcrsprecher, der uns im Todeskampf siegreich entgegenkommt, damit auch wir Aufnahme finden in die Gemeinschaft der Heiligen, in die Vollendung bei Gott. Amen.<\/p>\n\n\n\n<div class=\"wp-block-file\"><a id=\"wp-block-file--media-cfed38ad-2a3e-4ab9-b127-a5bfa8c51926\" href=\"https:\/\/www.georgsorden.eu\/wp-content\/uploads\/2026\/04\/Ordensgebet-OrderPrayer.pdf\" target=\"_blank\" rel=\"noreferrer noopener\">Ordensgebet &#8211; in Deutsch und Englisch<\/a><a href=\"https:\/\/www.georgsorden.eu\/wp-content\/uploads\/2026\/04\/Ordensgebet-OrderPrayer.pdf\" class=\"wp-block-file__button wp-element-button\" download aria-describedby=\"wp-block-file--media-cfed38ad-2a3e-4ab9-b127-a5bfa8c51926\">Herunterladen<\/a><\/div>\n","protected":false},"excerpt":{"rendered":"<p>Nachstehend finden Sie das durch unseren Geistlichen Rat verfasste Ordensgebet, das bei allen im Orden abgehaltenen Heiligen Messen gemeinsam gebetet wird. Gott, allm\u00e4chtiger Vater, Du hast uns berufen, unter dem Zeichen des Heiligen Georg Dir zu dienen als Zeugen des Todes und der Auferstehung Deines Sohnes, unseres Herrn Jesus Christus. Hilf uns, nach seinem Vorbild &#8230; <a title=\"Ordensgebet\" class=\"read-more\" href=\"https:\/\/www.georgsorden.eu\/de\/ordensgebet\/\" aria-label=\"Mehr Informationen \u00fcber Ordensgebet\">Weiterlesen<\/a><\/p>\n","protected":false},"author":1,"featured_media":0,"parent":0,"menu_order":0,"comment_status":"closed","ping_status":"closed","template":"","meta":{"footnotes":""},"class_list":["post-4627","page","type-page","status-publish"],"publishpress_future_action":{"enabled":false,"date":"2026-05-12 05:51:41","action":"change-status","newStatus":"draft","terms":[],"taxonomy":"language","extraData":[]},"publishpress_future_workflow_manual_trigger":{"enabledWorkflows":[]},"rttpg_featured_image_url":null,"rttpg_author":{"display_name":"iktopia","author_link":"https:\/\/www.georgsorden.eu\/de\/author\/iktopia\/"},"rttpg_comment":0,"rttpg_category":false,"rttpg_excerpt":"Nachstehend finden Sie das durch unseren Geistlichen Rat verfasste Ordensgebet, das bei allen im Orden abgehaltenen Heiligen Messen gemeinsam gebetet wird. Gott, allm\u00e4chtiger Vater, Du hast uns berufen, unter dem Zeichen des Heiligen Georg Dir zu dienen als Zeugen des Todes und der Auferstehung Deines Sohnes, unseres Herrn Jesus Christus. Hilf uns, nach seinem Vorbild&hellip;","_links":{"self":[{"href":"https:\/\/www.georgsorden.eu\/de\/wp-json\/wp\/v2\/pages\/4627","targetHints":{"allow":["GET"]}}],"collection":[{"href":"https:\/\/www.georgsorden.eu\/de\/wp-json\/wp\/v2\/pages"}],"about":[{"href":"https:\/\/www.georgsorden.eu\/de\/wp-json\/wp\/v2\/types\/page"}],"author":[{"embeddable":true,"href":"https:\/\/www.georgsorden.eu\/de\/wp-json\/wp\/v2\/users\/1"}],"replies":[{"embeddable":true,"href":"https:\/\/www.georgsorden.eu\/de\/wp-json\/wp\/v2\/comments?post=4627"}],"version-history":[{"count":5,"href":"https:\/\/www.georgsorden.eu\/de\/wp-json\/wp\/v2\/pages\/4627\/revisions"}],"predecessor-version":[{"id":18277,"href":"https:\/\/www.georgsorden.eu\/de\/wp-json\/wp\/v2\/pages\/4627\/revisions\/18277"}],"wp:attachment":[{"href":"https:\/\/www.georgsorden.eu\/de\/wp-json\/wp\/v2\/media?parent=4627"}],"curies":[{"name":"wp","href":"https:\/\/api.w.org\/{rel}","templated":true}]}}