{"id":92,"date":"2021-02-01T15:13:57","date_gmt":"2021-02-01T14:13:57","guid":{"rendered":"https:\/\/www.georgs-orden.at\/?page_id=92"},"modified":"2025-12-11T16:05:35","modified_gmt":"2025-12-11T15:05:35","slug":"geistlicher-rat","status":"publish","type":"page","link":"https:\/\/www.georgsorden.eu\/de\/geistlicher-rat\/","title":{"rendered":"Geistlicher Rat"},"content":{"rendered":"\n<figure class=\"wp-block-table is-style-regular\"><table><tbody><tr><td>Ordenspr\u00e4lat<\/td><td>S. E. Di\u00f6zesanbischof em. DDr. Klaus&nbsp;<strong>K\u00fcng<\/strong><\/td><\/tr><\/tbody><\/table><\/figure>\n\n\n\n<p>in alphabetischer Reihenfolge<\/p>\n\n\n\n<figure class=\"wp-block-table is-style-regular\"><table class=\"has-fixed-layout\"><tbody><tr><td>Sr. Maria Gratia&nbsp;<strong>Baier<\/strong>, Ehrw\u00fcrdige Mutter der Salesianerinnen<\/td><\/tr><tr><td>Sr. Prof. Mag. theol. Dr. phil. Katharina Elisabeth <strong>Deifel<\/strong><\/td><\/tr><tr><td><\/td><\/tr><tr><td>Pfarrer Thomas Anton <strong>Bergner<\/strong><\/td><\/tr><tr><td>HH Rektor Univ. Doz. MMag. Markus&nbsp;<strong>Bugnyar<\/strong>&nbsp;(Jerusalem)<\/td><\/tr><tr><td>HH Monsignore Stefano&nbsp;<strong>Canonico<\/strong><\/td><\/tr><tr><td>S. Em. Kardinal Dominik Jaroslav <strong>Duka<\/strong> OP \u2020<\/td><\/tr><tr><td>Pr\u00e4lat HR Mag. German <strong>Erd<\/strong>, Abt des Stiftes Stams<\/td><\/tr><tr><td>Dompfarrer Toni <strong>Faber<\/strong><\/td><\/tr><tr><td>Milit\u00e4rdekan MMag. Stefan&nbsp;<strong>Gugerel<\/strong><\/td><\/tr><tr><td>Reverend M.A. Allan <strong>Hawkins<\/strong> \u2020<\/td><\/tr><tr><td>Pfarrvikar Gerhard <strong>H\u00f6berth<\/strong><\/td><\/tr><tr><td>Generalvikar Mag. Lic. theol. Yuriy <strong>Kolasa<\/strong><\/td><\/tr><tr><td>Dipl. theol. Damir <strong>Kuni\u0107<\/strong><\/td><\/tr><tr><td>Prof. Dr. SL Lic. SL P. Pius <strong>Maurer<\/strong> OCist, Abt des Stiftes Lilienfeld<\/td><\/tr><tr><td>Pater PhDr. Marek <strong>Pu\u010dal\u00edk<\/strong>, PhD, O.Cr.<\/td><\/tr><tr><td>Bischofsvikar Mag. Karl&nbsp;<strong>Schrittwieser<\/strong> \u2020<\/td><\/tr><tr><td>Pater MMag. Thomas <strong>Stellwag-Carion<\/strong>, OSB<\/td><\/tr><tr><td>Pr\u00e4lat Univ. Prof. DDr. Ambroz Martin <strong>Strbak<\/strong>, Abt des Stiftes Jasov (SK)<\/td><\/tr><tr><td>Reverend Dr. Sam&nbsp;<strong>Wells<\/strong><\/td><\/tr><tr><td>Pater Mag. theol. Moritz <strong>Windegger<\/strong><\/td><\/tr><\/tbody><\/table><\/figure>\n","protected":false},"excerpt":{"rendered":"<p>Ordenspr\u00e4lat S. E. Di\u00f6zesanbischof em. DDr. Klaus&nbsp;K\u00fcng in alphabetischer Reihenfolge Sr. Maria Gratia&nbsp;Baier, Ehrw\u00fcrdige Mutter der Salesianerinnen Sr. Prof. Mag. theol. Dr. phil. Katharina Elisabeth Deifel Pfarrer Thomas Anton Bergner HH Rektor Univ. Doz. MMag. Markus&nbsp;Bugnyar&nbsp;(Jerusalem) HH Monsignore Stefano&nbsp;Canonico S. Em. Kardinal Dominik Jaroslav Duka OP \u2020 Pr\u00e4lat HR Mag. German Erd, Abt des Stiftes &#8230; <a title=\"Geistlicher Rat\" class=\"read-more\" href=\"https:\/\/www.georgsorden.eu\/de\/geistlicher-rat\/\" aria-label=\"Mehr Informationen \u00fcber Geistlicher Rat\">Weiterlesen<\/a><\/p>\n","protected":false},"author":1,"featured_media":0,"parent":0,"menu_order":0,"comment_status":"closed","ping_status":"closed","template":"","meta":{"footnotes":""},"class_list":["post-92","page","type-page","status-publish"],"publishpress_future_action":{"enabled":false,"date":"2026-04-24 11:09:32","action":"change-status","newStatus":"draft","terms":[],"taxonomy":"language","extraData":[]},"publishpress_future_workflow_manual_trigger":{"enabledWorkflows":[]},"rttpg_featured_image_url":null,"rttpg_author":{"display_name":"iktopia","author_link":"https:\/\/www.georgsorden.eu\/de\/author\/iktopia\/"},"rttpg_comment":0,"rttpg_category":false,"rttpg_excerpt":"Ordenspr\u00e4lat S. E. Di\u00f6zesanbischof em. DDr. Klaus&nbsp;K\u00fcng in alphabetischer Reihenfolge Sr. Maria Gratia&nbsp;Baier, Ehrw\u00fcrdige Mutter der Salesianerinnen Sr. Prof. Mag. theol. Dr. phil. Katharina Elisabeth Deifel Pfarrer Thomas Anton Bergner HH Rektor Univ. Doz. MMag. Markus&nbsp;Bugnyar&nbsp;(Jerusalem) HH Monsignore Stefano&nbsp;Canonico S. Em. Kardinal Dominik Jaroslav Duka OP \u2020 Pr\u00e4lat HR Mag. German Erd, Abt des Stiftes&hellip;","_links":{"self":[{"href":"https:\/\/www.georgsorden.eu\/de\/wp-json\/wp\/v2\/pages\/92","targetHints":{"allow":["GET"]}}],"collection":[{"href":"https:\/\/www.georgsorden.eu\/de\/wp-json\/wp\/v2\/pages"}],"about":[{"href":"https:\/\/www.georgsorden.eu\/de\/wp-json\/wp\/v2\/types\/page"}],"author":[{"embeddable":true,"href":"https:\/\/www.georgsorden.eu\/de\/wp-json\/wp\/v2\/users\/1"}],"replies":[{"embeddable":true,"href":"https:\/\/www.georgsorden.eu\/de\/wp-json\/wp\/v2\/comments?post=92"}],"version-history":[{"count":22,"href":"https:\/\/www.georgsorden.eu\/de\/wp-json\/wp\/v2\/pages\/92\/revisions"}],"predecessor-version":[{"id":17633,"href":"https:\/\/www.georgsorden.eu\/de\/wp-json\/wp\/v2\/pages\/92\/revisions\/17633"}],"wp:attachment":[{"href":"https:\/\/www.georgsorden.eu\/de\/wp-json\/wp\/v2\/media?parent=92"}],"curies":[{"name":"wp","href":"https:\/\/api.w.org\/{rel}","templated":true}]}}